{"id":2062,"date":"2022-01-07T20:13:45","date_gmt":"2022-01-07T20:13:45","guid":{"rendered":"https:\/\/elencantovillas.es\/?page_id=2062"},"modified":"2025-05-02T08:48:16","modified_gmt":"2025-05-02T08:48:16","slug":"oferta-home","status":"publish","type":"page","link":"https:\/\/elencantovillas.es\/es_es\/oferta-home\/","title":{"rendered":"Oferta Home"},"content":{"rendered":"<div class=\"wpb-content-wrapper\"><section class=\"vc_section vc_custom_1597939837824\"><div class=\"container-fluid vc_container-fluid  vc_custom_1592443191913 \" ><div class=\"vc_row wpb_row vc_row-fluid vc_row-has-fill\"><div class=\"container\"><div class=\"row\"><div class=\"wpb_column vc_column_container vc_col-sm-12\">\n    <div class=\"vc_column-inner \">\n        <div class=\"wpb_wrapper\">\n            <div class=\"stm_spacer \">\n    <div class=\"visible-lg\" style=\"height: 600px;\"><\/div>\n    <div class=\"visible-md\" style=\"height: 600px;\"><\/div>\n    <div class=\"visible-sm\" style=\"height: 600px;\"><\/div>\n    <div class=\"visible-xs\" style=\"height: 600px;\"><\/div>\n<\/div>        <\/div>\n    <\/div>\n<\/div><\/div><\/div><\/div><\/div><div class=\"container-fluid vc_container-fluid  fixed_bg vc_custom_1538719455163 \" ><div class=\"vc_row wpb_row vc_row-fluid vc_row-has-fill\"><div class=\"container\"><div class=\"row\"><div class=\"wpb_column vc_column_container vc_col-sm-12\">\n    <div class=\"vc_column-inner vc_custom_1597939988272\">\n        <div class=\"wpb_wrapper\">\n            <div class=\"vc_icon_element vc_icon_element-outer vc_custom_1538651827994 vc_do_icon vc_icon_element-align-center\"><div class=\"vc_icon_element-inner vc_icon_element-color-white vc_icon_element-size-md vc_icon_element-style- vc_icon_element-background-color-grey\" ><span class=\"vc_icon_element-icon stmicon-haircut\" ><\/span><\/div><\/div>\n\t<div class=\"wpb_text_column wpb_content_element vc_custom_1714312047667\" >\n\t\t<div class=\"wpb_wrapper\">\n\t\t\t<h2 style=\"text-align: center;\"><span style=\"color: #ffffff;\">Ofertas y Promociones<\/span><\/h2>\n\n\t\t<\/div>\n\t<\/div>\n<div class=\"stm_spacer \">\n    <div class=\"visible-lg\" style=\"height: 30px;\"><\/div>\n    <div class=\"visible-md\" style=\"height: 30px;\"><\/div>\n    <div class=\"visible-sm\" style=\"height: 30px;\"><\/div>\n    <div class=\"visible-xs\" style=\"height: 30px;\"><\/div>\n<\/div><div class=\"vc_row wpb_row vc_inner vc_row-fluid\"><div class=\"wpb_column vc_column_container vc_col-sm-12 hotel_column_inner_b62120c7e0e2af104948acd814cb5445\"><div class=\"vc_column-inner \"><div class=\"wpb_wrapper\">\n\t<div  class=\"wpb_single_image wpb_content_element vc_align_center wpb_content_element\">\n\t\t\n\t\t<figure class=\"wpb_wrapper vc_figure\">\n\t\t\t<div class=\"vc_single_image-wrapper   vc_box_border_grey\"><img fetchpriority=\"high\" decoding=\"async\" width=\"640\" height=\"425\" src=\"https:\/\/elencantovillas.es\/wp-content\/uploads\/2024\/04\/3x2-flash.oferta.jpg\" class=\"vc_single_image-img attachment-large\" alt=\"\" title=\"3x2-flash.oferta\" srcset=\"https:\/\/elencantovillas.es\/wp-content\/uploads\/2024\/04\/3x2-flash.oferta.jpg 930w, https:\/\/elencantovillas.es\/wp-content\/uploads\/2024\/04\/3x2-flash.oferta-300x199.jpg 300w, https:\/\/elencantovillas.es\/wp-content\/uploads\/2024\/04\/3x2-flash.oferta-768x510.jpg 768w, https:\/\/elencantovillas.es\/wp-content\/uploads\/2024\/04\/3x2-flash.oferta-18x12.jpg 18w\" sizes=\"(max-width: 640px) 100vw, 640px\" \/><\/div>\n\t\t<\/figure>\n\t<\/div>\n<\/div><\/div><\/div><\/div><div class=\"vc_row wpb_row vc_inner vc_row-fluid\"><div class=\"wpb_column vc_column_container vc_col-sm-12 hotel_column_inner_b62120c7e0e2af104948acd814cb5445\"><div class=\"vc_column-inner \"><div class=\"wpb_wrapper\">\n\t<div class=\"wpb_text_column wpb_content_element vc_custom_1746175690049\" >\n\t\t<div class=\"wpb_wrapper\">\n\t\t\t<h5 style=\"text-align: center;\">Promo <strong>3&#215;2<\/strong><\/h5>\n<p style=\"text-align: center;\"><strong>OFERTA ESPECIAL<\/strong><br \/>\nReserva 3 Noches y paga s\u00f3lo 2 noches. Disponibilidad limitada y temporal. \u00a0LLAMAR AL <strong>607695740<\/strong><\/p>\n\n\t\t<\/div>\n\t<\/div>\n<div class=\" ubtn-ctn-center \"><a class=\"ubtn-link ult-adjust-bottom-margin ubtn-center ubtn-block \" href = \"tel:+34607695740\" target='' ><button type=\"button\" id=\"ubtn-9843\" class=\"ubtn ult-adjust-bottom-margin ult-responsive ubtn-block ubtn-fade-bg  none  ubtn-sep-icon ubtn-sep-icon-bottom-push  ubtn-center   tooltip-69e4add664e0d ubtn-block\"  data-hover=\"#ffffff\" data-border-color=\"\" data-bg=\"#da521f\" data-hover-bg=\"#3f5657\" data-border-hover=\"\" data-shadow-hover=\"\" data-shadow-click=\"none\" data-shadow=\"\" data-shd-shadow=\"\"  data-ultimate-target='#ubtn-9843'  data-responsive-json-new='{\"font-size\":\"desktop:15px;\",\"line-height\":\"desktop:16px;\"}'  style=\"font-weight:bold;border:none;background: #da521f;color: #ffffff;\"><span class=\"ubtn-data ubtn-icon\"><i class=\"Defaults-phone\" style=\"font-size:32px;color:;\"><\/i><\/span><span class=\"ubtn-hover\" style=\"background-color:#3f5657\"><\/span><span class=\"ubtn-data ubtn-text \" >LLAMAR PARA RESERVAR<\/span><\/button><\/a><\/div><\/div><\/div><\/div><\/div>        <\/div>\n    <\/div>\n<\/div><\/div><\/div><\/div><\/div><div class=\"container vc_container   \" ><div class=\"vc_row wpb_row vc_row-fluid\"><div class=\"wpb_column vc_column_container vc_col-sm-12\">\n    <div class=\"vc_column-inner \">\n        <div class=\"wpb_wrapper\">\n            <div class=\"stm_spacer \">\n    <div class=\"visible-lg\" style=\"height: 50px;\"><\/div>\n    <div class=\"visible-md\" style=\"height: 50px;\"><\/div>\n    <div class=\"visible-sm\" style=\"height: 50px;\"><\/div>\n    <div class=\"visible-xs\" style=\"height: 50px;\"><\/div>\n<\/div>\n\t<div class=\"wpb_text_column wpb_content_element vc_custom_1714309672595\" >\n\t\t<div class=\"wpb_wrapper\">\n\t\t\t<p><strong>Condiciones generales:<\/strong><\/p>\n<ul>\n<li class=\"\">Promociones v\u00e1lidas exclusivamente para reservas directas desde el n\u00famero <strong>607695740.<\/strong><\/li>\n<li class=\"\">La promociones son v\u00e1lidas solo para la fecha indicada.<\/li>\n<li class=\"\">Se requiere para las reservas un dep\u00f3sito del 50% del monto total.<\/li>\n<li class=\"\">Promociones aplicables para 2 adultos y 2 ni\u00f1os hasta 16 a\u00f1os por habitaci\u00f3n. En caso de ser mas de 2 adultos se aplicar\u00e1 un costo adicional\u00a0 por adulto\/noche.<\/li>\n<li class=\"\">No dude en llamar, trataremos de satisfacer sus inquietudes y necesidades.<\/li>\n<\/ul>\n\n\t\t<\/div>\n\t<\/div>\n<div class=\"vc_separator wpb_content_element vc_separator_align_center vc_sep_width_100 vc_sep_border_width_2 vc_sep_pos_align_center vc_separator_no_text vc_sep_color_grey wpb_content_element  wpb_content_element\" ><span class=\"vc_sep_holder vc_sep_holder_l\"><span class=\"vc_sep_line\"><\/span><\/span><span class=\"vc_sep_holder vc_sep_holder_r\"><span class=\"vc_sep_line\"><\/span><\/span>\n<\/div><div class=\"stm_spacer \">\n    <div class=\"visible-lg\" style=\"height: 50px;\"><\/div>\n    <div class=\"visible-md\" style=\"height: 50px;\"><\/div>\n    <div class=\"visible-sm\" style=\"height: 50px;\"><\/div>\n    <div class=\"visible-xs\" style=\"height: 50px;\"><\/div>\n<\/div>        <\/div>\n    <\/div>\n<\/div><\/div><\/div><div class=\"container vc_container   \" ><div class=\"vc_row wpb_row vc_row-fluid\"><div class=\"wpb_column vc_column_container vc_col-sm-4\">\n    <div class=\"vc_column-inner \">\n        <div class=\"wpb_wrapper\">\n            \n\t<div  class=\"wpb_single_image wpb_content_element vc_align_left wpb_content_element\">\n\t\t\n\t\t<figure class=\"wpb_wrapper vc_figure\">\n\t\t\t<div class=\"vc_single_image-wrapper   vc_box_border_grey\"><img decoding=\"async\" width=\"640\" height=\"480\" src=\"https:\/\/elencantovillas.es\/wp-content\/uploads\/2022\/11\/playa-santamarina-upview.jpg\" class=\"vc_single_image-img attachment-large\" alt=\"playa santamarina ribadesella vista aerea\" title=\"playa-santamarina-upview\" srcset=\"https:\/\/elencantovillas.es\/wp-content\/uploads\/2022\/11\/playa-santamarina-upview.jpg 1024w, https:\/\/elencantovillas.es\/wp-content\/uploads\/2022\/11\/playa-santamarina-upview-300x225.jpg 300w, https:\/\/elencantovillas.es\/wp-content\/uploads\/2022\/11\/playa-santamarina-upview-768x576.jpg 768w\" sizes=\"(max-width: 640px) 100vw, 640px\" \/><\/div>\n\t\t<\/figure>\n\t<\/div>\n        <\/div>\n    <\/div>\n<\/div><div class=\"wpb_column vc_column_container vc_col-sm-4\">\n    <div class=\"vc_column-inner \">\n        <div class=\"wpb_wrapper\">\n            \n\t<div  class=\"wpb_single_image wpb_content_element vc_align_left wpb_content_element\">\n\t\t\n\t\t<figure class=\"wpb_wrapper vc_figure\">\n\t\t\t<div class=\"vc_single_image-wrapper   vc_box_border_grey\"><img decoding=\"async\" width=\"640\" height=\"480\" src=\"https:\/\/elencantovillas.es\/wp-content\/uploads\/2020\/08\/descenso-del-sella-canoas-1024x768.jpg\" class=\"vc_single_image-img attachment-large\" alt=\"descenso del sella\" title=\"descenso del sella canoas\" srcset=\"https:\/\/elencantovillas.es\/wp-content\/uploads\/2020\/08\/descenso-del-sella-canoas-1024x768.jpg 1024w, https:\/\/elencantovillas.es\/wp-content\/uploads\/2020\/08\/descenso-del-sella-canoas-300x225.jpg 300w, https:\/\/elencantovillas.es\/wp-content\/uploads\/2020\/08\/descenso-del-sella-canoas-768x576.jpg 768w, https:\/\/elencantovillas.es\/wp-content\/uploads\/2020\/08\/descenso-del-sella-canoas.jpg 1200w\" sizes=\"(max-width: 640px) 100vw, 640px\" \/><\/div>\n\t\t<\/figure>\n\t<\/div>\n        <\/div>\n    <\/div>\n<\/div><div class=\"wpb_column vc_column_container vc_col-sm-4\">\n    <div class=\"vc_column-inner \">\n        <div class=\"wpb_wrapper\">\n            \n\t<div  class=\"wpb_single_image wpb_content_element vc_align_left wpb_content_element\">\n\t\t\n\t\t<figure class=\"wpb_wrapper vc_figure\">\n\t\t\t<div class=\"vc_single_image-wrapper   vc_box_border_grey\"><img loading=\"lazy\" decoding=\"async\" width=\"640\" height=\"480\" src=\"https:\/\/elencantovillas.es\/wp-content\/uploads\/2020\/08\/Picos-de-Europa.jpg\" class=\"vc_single_image-img attachment-large\" alt=\"picos de europa\" title=\"Picos-de-Europa\" srcset=\"https:\/\/elencantovillas.es\/wp-content\/uploads\/2020\/08\/Picos-de-Europa.jpg 1024w, https:\/\/elencantovillas.es\/wp-content\/uploads\/2020\/08\/Picos-de-Europa-300x225.jpg 300w, https:\/\/elencantovillas.es\/wp-content\/uploads\/2020\/08\/Picos-de-Europa-768x576.jpg 768w\" sizes=\"(max-width: 640px) 100vw, 640px\" \/><\/div>\n\t\t<\/figure>\n\t<\/div>\n        <\/div>\n    <\/div>\n<\/div><\/div><\/div><\/section><section class=\"vc_section vc_custom_1537869517070\"><div class=\"container-fluid vc_container-fluid  vc_custom_1537940056087 \" ><div class=\"vc_row wpb_row vc_row-fluid vc_row-has-fill\"><div class=\"container\"><div class=\"row\"><div class=\"wpb_column vc_column_container vc_col-sm-3\">\n    <div class=\"vc_column-inner \">\n        <div class=\"wpb_wrapper\">\n                    <\/div>\n    <\/div>\n<\/div><div class=\"wpb_column vc_column_container vc_col-sm-6\">\n    <div class=\"vc_column-inner \">\n        <div class=\"wpb_wrapper\">\n            <div class=\"stm_spacer \">\n    <div class=\"visible-lg\" style=\"height: 123px;\"><\/div>\n    <div class=\"visible-md\" style=\"height: 123px;\"><\/div>\n    <div class=\"visible-sm\" style=\"height: 100px;\"><\/div>\n    <div class=\"visible-xs\" style=\"height: 100px;\"><\/div>\n<\/div><h2 style=\"text-align: center\" class=\"vc_custom_heading   stm_custom_heading__icon text-center\"><i class=\"stmicon-haircut position_top ttc\" ><\/i>Las Villas incluyen<\/h2>\n\t<div class=\"wpb_text_column wpb_content_element vc_custom_1598802325319\" >\n\t\t<div class=\"wpb_wrapper\">\n\t\t\t<p style=\"text-align: center;\">Las habitaciones se pueden solicitar con una cama doble o dos camas sencillas y cada una cuenta con una TV de 55&#8243; en el sal\u00f3n y otra TV de 43&#8243; en el dormitorio.<\/p>\n\n\t\t<\/div>\n\t<\/div>\n        <\/div>\n    <\/div>\n<\/div><div class=\"wpb_column vc_column_container vc_col-sm-3\">\n    <div class=\"vc_column-inner \">\n        <div class=\"wpb_wrapper\">\n                    <\/div>\n    <\/div>\n<\/div><\/div><\/div><\/div><\/div><div class=\"container-fluid vc_container-fluid  vc_custom_1538030696169 \" ><div class=\"vc_row wpb_row vc_row-fluid\"><div class=\"container\"><div class=\"row\"><div class=\"wpb_column vc_column_container vc_col-sm-12\">\n    <div class=\"vc_column-inner \">\n        <div class=\"wpb_wrapper\">\n            <div class=\"vc_row wpb_row vc_inner vc_row-fluid vc_custom_1538030529201\"><div class=\"wpb_column vc_column_container vc_col-sm-3 vc_col-xs-6 hotel_column_inner_b19d87e7cc3c81e2c59e827071283401\"><div class=\"vc_column-inner \"><div class=\"wpb_wrapper\">\n\n    <div class=\"stm_icon   text-center stm_icon_69e4add668261 stm_icon_styled_bg\">\n        <i style=\"font-size: 80px\"\n           class=\"stmicon-hotel-internet ttc mbc_h\"><\/i>\n    <\/div>\n\n<h6 style=\"text-align: center\" class=\"vc_custom_heading   text-center\">INTERNET DE ALTA VELOCIDAD<\/h6><div class=\"stm_spacer \">\n    <div class=\"visible-lg\" style=\"height: 20px;\"><\/div>\n    <div class=\"visible-md\" style=\"height: 20px;\"><\/div>\n    <div class=\"visible-sm\" style=\"height: 20px;\"><\/div>\n    <div class=\"visible-xs\" style=\"height: 20px;\"><\/div>\n<\/div><\/div><\/div><\/div><div class=\"wpb_column vc_column_container vc_col-sm-3 vc_col-xs-6 hotel_column_inner_b19d87e7cc3c81e2c59e827071283401\"><div class=\"vc_column-inner \"><div class=\"wpb_wrapper\">\n\n    <div class=\"stm_icon   text-center stm_icon_69e4add6684d8 stm_icon_styled_bg\">\n        <i style=\"font-size: 80px\"\n           class=\"stmicon-hotel-parking ttc mbc_h\"><\/i>\n    <\/div>\n\n<h6 style=\"text-align: center\" class=\"vc_custom_heading   text-center\">PARKING<\/h6><div class=\"stm_spacer \">\n    <div class=\"visible-lg\" style=\"height: 20px;\"><\/div>\n    <div class=\"visible-md\" style=\"height: 20px;\"><\/div>\n    <div class=\"visible-sm\" style=\"height: 20px;\"><\/div>\n    <div class=\"visible-xs\" style=\"height: 20px;\"><\/div>\n<\/div><\/div><\/div><\/div><div class=\"wpb_column vc_column_container vc_col-sm-3 vc_col-xs-6 hotel_column_inner_b19d87e7cc3c81e2c59e827071283401\"><div class=\"vc_column-inner \"><div class=\"wpb_wrapper\">\n\n    <div class=\"stm_icon   text-center stm_icon_69e4add668718 stm_icon_styled_bg\">\n        <i style=\"font-size: 80px\"\n           class=\"stmicon-hotel_restaurant ttc mbc_h\"><\/i>\n    <\/div>\n\n<h6 style=\"text-align: center\" class=\"vc_custom_heading   text-center\">COCINA COMPLETA<\/h6><div class=\"stm_spacer \">\n    <div class=\"visible-lg\" style=\"height: 20px;\"><\/div>\n    <div class=\"visible-md\" style=\"height: 20px;\"><\/div>\n    <div class=\"visible-sm\" style=\"height: 20px;\"><\/div>\n    <div class=\"visible-xs\" style=\"height: 20px;\"><\/div>\n<\/div><\/div><\/div><\/div><div class=\"wpb_column vc_column_container vc_col-sm-3 vc_col-xs-6 hotel_column_inner_b19d87e7cc3c81e2c59e827071283401\"><div class=\"vc_column-inner \"><div class=\"wpb_wrapper\">\n\n    <div class=\"stm_icon   text-center stm_icon_69e4add66893f stm_icon_styled_bg\">\n        <i style=\"font-size: 70px\"\n           class=\"stmicon-hotel_bed-3 ttc mbc_h\"><\/i>\n    <\/div>\n\n<h6 style=\"text-align: center\" class=\"vc_custom_heading   text-center\">CAMAS DOBLES O SENCILLAS<\/h6><div class=\"stm_spacer \">\n    <div class=\"visible-lg\" style=\"height: 20px;\"><\/div>\n    <div class=\"visible-md\" style=\"height: 20px;\"><\/div>\n    <div class=\"visible-sm\" style=\"height: 20px;\"><\/div>\n    <div class=\"visible-xs\" style=\"height: 20px;\"><\/div>\n<\/div><\/div><\/div><\/div><\/div><div class=\"vc_row wpb_row vc_inner vc_row-fluid\"><div class=\"wpb_column vc_column_container vc_col-sm-3 vc_col-xs-6 hotel_column_inner_b19d87e7cc3c81e2c59e827071283401\"><div class=\"vc_column-inner \"><div class=\"wpb_wrapper\">\n\n    <div class=\"stm_icon   text-center stm_icon_69e4add668c45 stm_icon_styled_bg\">\n        <i style=\"font-size: 88px\"\n           class=\"stmicon-hotel-spa ttc mbc_h\"><\/i>\n    <\/div>\n\n<h6 style=\"text-align: center\" class=\"vc_custom_heading   text-center\">JARDIN PRIVADO<\/h6><div class=\"stm_spacer \">\n    <div class=\"visible-lg\" style=\"height: 20px;\"><\/div>\n    <div class=\"visible-md\" style=\"height: 20px;\"><\/div>\n    <div class=\"visible-sm\" style=\"height: 20px;\"><\/div>\n    <div class=\"visible-xs\" style=\"height: 20px;\"><\/div>\n<\/div><\/div><\/div><\/div><div class=\"wpb_column vc_column_container vc_col-sm-3 vc_col-xs-6 hotel_column_inner_c2e65f890d295dc2616cd47b627730b9\"><div class=\"vc_column-inner \"><div class=\"wpb_wrapper\">\n\n    <div class=\"stm_icon   text-center stm_icon_69e4add668e87 stm_icon_styled_bg\">\n        <i style=\"font-size: 65px\"\n           class=\"stmicon-hotel_bathtub ttc mbc_h\"><\/i>\n    <\/div>\n\n<h6 style=\"text-align: center\" class=\"vc_custom_heading   text-center\">BA\u00d1O COMPLETO<\/h6><div class=\"stm_spacer \">\n    <div class=\"visible-lg\" style=\"height: 20px;\"><\/div>\n    <div class=\"visible-md\" style=\"height: 20px;\"><\/div>\n    <div class=\"visible-sm\" style=\"height: 20px;\"><\/div>\n    <div class=\"visible-xs\" style=\"height: 20px;\"><\/div>\n<\/div><\/div><\/div><\/div><div class=\"wpb_column vc_column_container vc_col-sm-3 vc_col-xs-6 hotel_column_inner_b19d87e7cc3c81e2c59e827071283401\"><div class=\"vc_column-inner \"><div class=\"wpb_wrapper\">\n\n    <div class=\"stm_icon   text-center stm_icon_69e4add6690a9 stm_icon_styled_bg\">\n        <i style=\"font-size: 66px\"\n           class=\"stmicon-television ttc mbc_h\"><\/i>\n    <\/div>\n\n<h6 style=\"text-align: center\" class=\"vc_custom_heading   text-center\">TELEVISI\u00d3N<\/h6><div class=\"stm_spacer \">\n    <div class=\"visible-lg\" style=\"height: 20px;\"><\/div>\n    <div class=\"visible-md\" style=\"height: 20px;\"><\/div>\n    <div class=\"visible-sm\" style=\"height: 20px;\"><\/div>\n    <div class=\"visible-xs\" style=\"height: 20px;\"><\/div>\n<\/div><\/div><\/div><\/div><div class=\"wpb_column vc_column_container vc_col-sm-3 vc_col-xs-6 hotel_column_inner_b19d87e7cc3c81e2c59e827071283401\"><div class=\"vc_column-inner \"><div class=\"wpb_wrapper\">\n\n    <div class=\"stm_icon   text-center stm_icon_69e4add6692db stm_icon_styled_bg\">\n        <i style=\"font-size: 78px\"\n           class=\"stmicon-hotel_bed-1 ttc mbc_h\"><\/i>\n    <\/div>\n\n<h6 style=\"text-align: center\" class=\"vc_custom_heading   text-center\">SOFA CAMA<\/h6><div class=\"stm_spacer \">\n    <div class=\"visible-lg\" style=\"height: 20px;\"><\/div>\n    <div class=\"visible-md\" style=\"height: 20px;\"><\/div>\n    <div class=\"visible-sm\" style=\"height: 20px;\"><\/div>\n    <div class=\"visible-xs\" style=\"height: 20px;\"><\/div>\n<\/div><\/div><\/div><\/div><\/div>        <\/div>\n    <\/div>\n<\/div><\/div><\/div><\/div><\/div><\/section>\n<\/div>","protected":false},"excerpt":{"rendered":"Ofertas y Promociones Promo 3x2 OFERTA ESPECIAL Reserva 3 Noches y paga s\u00f3lo 2 noches. Disponibilidad limitada y temporal. \u00a0LLAMAR AL 607695740 LLAMAR PARA RESERVAR Condiciones generales: Promociones v\u00e1lidas exclusivamente para reservas directas desde el n\u00famero 607695740. La promociones son v\u00e1lidas solo para la fecha indicada. Se requiere para las reservas un dep\u00f3sito del 50% [...]","protected":false},"author":1,"featured_media":0,"parent":0,"menu_order":0,"comment_status":"closed","ping_status":"closed","template":"","meta":{"_coblocks_attr":"","_coblocks_dimensions":"","_coblocks_responsive_height":"","_coblocks_accordion_ie_support":"","om_disable_all_campaigns":false,"_monsterinsights_skip_tracking":false,"_monsterinsights_sitenote_active":false,"_monsterinsights_sitenote_note":"","_monsterinsights_sitenote_category":0,"_uf_show_specific_survey":0,"_uf_disable_surveys":false,"footnotes":""},"class_list":["post-2062","page","type-page","status-publish","hentry"],"aioseo_notices":[],"_links":{"self":[{"href":"https:\/\/elencantovillas.es\/es_es\/wp-json\/wp\/v2\/pages\/2062","targetHints":{"allow":["GET"]}}],"collection":[{"href":"https:\/\/elencantovillas.es\/es_es\/wp-json\/wp\/v2\/pages"}],"about":[{"href":"https:\/\/elencantovillas.es\/es_es\/wp-json\/wp\/v2\/types\/page"}],"author":[{"embeddable":true,"href":"https:\/\/elencantovillas.es\/es_es\/wp-json\/wp\/v2\/users\/1"}],"replies":[{"embeddable":true,"href":"https:\/\/elencantovillas.es\/es_es\/wp-json\/wp\/v2\/comments?post=2062"}],"version-history":[{"count":15,"href":"https:\/\/elencantovillas.es\/es_es\/wp-json\/wp\/v2\/pages\/2062\/revisions"}],"predecessor-version":[{"id":2625,"href":"https:\/\/elencantovillas.es\/es_es\/wp-json\/wp\/v2\/pages\/2062\/revisions\/2625"}],"wp:attachment":[{"href":"https:\/\/elencantovillas.es\/es_es\/wp-json\/wp\/v2\/media?parent=2062"}],"curies":[{"name":"wp","href":"https:\/\/api.w.org\/{rel}","templated":true}]}}