{"id":168,"date":"2018-06-05T04:15:54","date_gmt":"2018-06-05T04:15:54","guid":{"rendered":"http:\/\/multipurpose.loc\/hotel\/?page_id=168"},"modified":"2020-10-29T15:54:05","modified_gmt":"2020-10-29T15:54:05","slug":"contact-us","status":"publish","type":"page","link":"https:\/\/elencantovillas.es\/es_es\/contact-us\/","title":{"rendered":"Contacto"},"content":{"rendered":"<div class=\"wpb-content-wrapper\"><section class=\"vc_section vc_custom_1537953987339\"><div class=\"container vc_container  vc_custom_1531906799465 \" ><div class=\"vc_row wpb_row vc_row-fluid\"><div class=\"wpb_column vc_column_container vc_col-sm-8 vc_col-lg-8 vc_col-md-8 vc_col-xs-12\">\n    <div class=\"vc_column-inner \">\n        <div class=\"wpb_wrapper\">\n            <h4 style=\"text-align: left\" class=\"vc_custom_heading   text-left\">ESTAMOS PARA SERVIRTE<\/h4>\n\t<div class=\"wpb_text_column wpb_content_element\" >\n\t\t<div class=\"wpb_wrapper\">\n\t\t\t<p class=\"p1\">En El Encanto Villas Boutique estamos comprometidos con tu comodidad y disfrute. Hemos dise\u00f1ado cada una de nuestras villas para hacerte sentir en la comodidad de tu hogar durante tu estancia en nuestras instalaciones. Tambi\u00e9n estamos comprometidos con la limpieza y desinfecci\u00f3n de nuestros espacios, seg\u00fan la normativa exigida para hoteles y alojamientos tur\u00edsticos vigente.<\/p>\n<p class=\"p1\">Para goce de la zona, contamos con un amplio listado de opciones, desde restaurantes a proveedores de turismo, paseos y experiencias que llenaron de encanto tu estad\u00eda.<\/p>\n<p class=\"p1\">\u00a1Te esperamos!<\/p>\n\n\t\t<\/div>\n\t<\/div>\n        <\/div>\n    <\/div>\n<\/div><div class=\"wpb_column vc_column_container vc_col-sm-4\">\n    <div class=\"vc_column-inner \">\n        <div class=\"wpb_wrapper\">\n            \n\t<div  class=\"wpb_single_image wpb_content_element vc_align_left wpb_content_element\">\n\t\t\n\t\t<figure class=\"wpb_wrapper vc_figure\">\n\t\t\t<div class=\"vc_single_image-wrapper   vc_box_border_grey\"><img loading=\"lazy\" decoding=\"async\" class=\"vc_single_image-img \" src=\"https:\/\/elencantovillas.es\/wp-content\/uploads\/2020\/08\/file000089_websize-800x700.jpg\" width=\"800\" height=\"700\" alt=\"el encanto villas boutique logo retroiluminado\" title=\"EL ENCANTO\" loading=\"lazy\" \/><\/div>\n\t\t<\/figure>\n\t<\/div>\n        <\/div>\n    <\/div>\n<\/div><\/div><\/div><div class=\"container-fluid vc_container-fluid  vc_custom_1538134741352 \" ><div class=\"vc_row wpb_row vc_row-fluid vc_row-has-fill vc_row-o-equal-height vc_row-o-content-middle vc_row-flex\"><div class=\"container\"><div class=\"row\"><div class=\"wpb_column vc_column_container vc_col-sm-6 vc_col-lg-4 vc_col-md-4 vc_col-xs-12\">\n    <div class=\"vc_column-inner vc_custom_1538133673472\">\n        <div class=\"wpb_wrapper\">\n            <div class=\"stm_spacer \">\n    <div class=\"visible-lg\" style=\"height: 30px;\"><\/div>\n    <div class=\"visible-md\" style=\"height: 30px;\"><\/div>\n    <div class=\"visible-sm\" style=\"height: 30px;\"><\/div>\n    <div class=\"visible-xs\" style=\"height: 30px;\"><\/div>\n<\/div>\n\t<div class=\"wpb_text_column wpb_content_element\" >\n\t\t<div class=\"wpb_wrapper\">\n\t\t\t<h3 style=\"font-size: 48px; line-height: 45px;\">Contacto<\/h3>\n\n\t\t<\/div>\n\t<\/div>\n<div class=\"stm_spacer \">\n    <div class=\"visible-lg\" style=\"height: 43px;\"><\/div>\n    <div class=\"visible-md\" style=\"height: 43px;\"><\/div>\n    <div class=\"visible-sm\" style=\"height: 10px;\"><\/div>\n    <div class=\"visible-xs\" style=\"height: 10px;\"><\/div>\n<\/div>\n\n    <div class=\"stm_iconbox clearfix stm_iconbox_style_1 stm_iconbox69e1f6f275023 text-left  stm_iconbox__icon-left clearfix\">\n                    <div class=\"stm_iconbox__icon \"\n                 style=\"width: 65px; height: 60px;\">\n                <i style=\"font-size:45px;color:#3a3138;font-weight: normal;\"\n                   class=\"custom stmicon-phone-call\">\n                <\/i>\n            <\/div>\n                <div class=\"stm_iconbox__text\">\n                            <H6 style=\"font-size:16px!important;\" class=\"no_line\"><span\n                            class=\"mtc_b\">Tel\u00e9fono<\/span><\/H6>\n                        <div class=\"stm_iconbox__desc\">\n            <span class=\"stm_iconbox__dots\">\n                <span class=\"stm_iconbox__dot stm_iconbox__dot_first\"><\/span>\n                <span class=\"stm_iconbox__dot stm_iconbox__dot_second\"><\/span>\n                <span class=\"stm_iconbox__dot stm_iconbox__dot_third\"><\/span>\n            <\/span>\n                <p>+(34)607 695740<\/p>\n            <\/div>\n        <\/div>\n    <\/div>\n<div class=\"stm_spacer \">\n    <div class=\"visible-lg\" style=\"height: 21px;\"><\/div>\n    <div class=\"visible-md\" style=\"height: 21px;\"><\/div>\n    <div class=\"visible-sm\" style=\"height: 20px;\"><\/div>\n    <div class=\"visible-xs\" style=\"height: 20px;\"><\/div>\n<\/div>\n\n    <div class=\"stm_iconbox clearfix stm_iconbox_style_1 stm_iconbox69e1f6f275216 text-left  stm_iconbox__icon-left clearfix\">\n                    <div class=\"stm_iconbox__icon \"\n                 style=\"width: 65px; height: 60px;\">\n                <i style=\"font-size:42px;color:#3a3138;font-weight: normal;\"\n                   class=\"custom fa fa-at\">\n                <\/i>\n            <\/div>\n                <div class=\"stm_iconbox__text\">\n                            <H6 style=\"font-size:16px!important;\" class=\"no_line\"><span\n                            class=\"mtc_b\">Email<\/span><\/H6>\n                        <div class=\"stm_iconbox__desc\">\n            <span class=\"stm_iconbox__dots\">\n                <span class=\"stm_iconbox__dot stm_iconbox__dot_first\"><\/span>\n                <span class=\"stm_iconbox__dot stm_iconbox__dot_second\"><\/span>\n                <span class=\"stm_iconbox__dot stm_iconbox__dot_third\"><\/span>\n            <\/span>\n                <p><a href=\"mailto:info@elencantovillas.es\">info@elencantovillas.es<\/a><\/p>\n<p><a href=\"mailto:reservas@elencantovillas.es\">reservas@elencantovillas.es<\/a><\/p>\n<p><a href=\"mailto:ebueno@elencantovillas.es\">ebueno@elencantovillas.es<\/a><\/p>\n            <\/div>\n        <\/div>\n    <\/div>\n<div class=\"stm_spacer \">\n    <div class=\"visible-lg\" style=\"height: 26px;\"><\/div>\n    <div class=\"visible-md\" style=\"height: 26px;\"><\/div>\n    <div class=\"visible-sm\" style=\"height: 25px;\"><\/div>\n    <div class=\"visible-xs\" style=\"height: 20px;\"><\/div>\n<\/div>\n\n    <div class=\"stm_iconbox clearfix stm_iconbox_style_1 stm_iconbox69e1f6f2753ca text-left  stm_iconbox__icon-left clearfix\">\n                    <div class=\"stm_iconbox__icon \"\n                 style=\"width: 65px; height: 60px;\">\n                <i style=\"font-size:46px;color:#3a3138;font-weight: normal;\"\n                   class=\"custom stmicon-maps-and-flags\">\n                <\/i>\n            <\/div>\n                <div class=\"stm_iconbox__text\">\n                            <H6 style=\"font-size:16px!important;\" class=\"no_line\"><span\n                            class=\"mtc_b\">Direcci\u00f3n<\/span><\/H6>\n                        <div class=\"stm_iconbox__desc\">\n            <span class=\"stm_iconbox__dots\">\n                <span class=\"stm_iconbox__dot stm_iconbox__dot_first\"><\/span>\n                <span class=\"stm_iconbox__dot stm_iconbox__dot_second\"><\/span>\n                <span class=\"stm_iconbox__dot stm_iconbox__dot_third\"><\/span>\n            <\/span>\n                <p>El Escay\u00f3n 7, Junco, Ribadesella 33569<\/p>\n            <\/div>\n        <\/div>\n    <\/div>\n<div class=\"stm_spacer \">\n    <div class=\"visible-lg\" style=\"height: 30px;\"><\/div>\n    <div class=\"visible-md\" style=\"height: 30px;\"><\/div>\n    <div class=\"visible-sm\" style=\"height: 30px;\"><\/div>\n    <div class=\"visible-xs\" style=\"height: 30px;\"><\/div>\n<\/div>        <\/div>\n    <\/div>\n<\/div><div data-stretch=\"right\" class=\"wpb_column vc_column_container vc_col-sm-6 vc_col-lg-8 vc_col-md-8 vc_col-xs-12\">\n    <div class=\"vc_column-inner vc_custom_1538133669144\">\n        <div class=\"wpb_wrapper\">\n            <div class=\"wpb_gmaps_widget wpb_content_element\"><div class=\"wpb_wrapper\"><div class=\"wpb_map_wraper\"><iframe src=\"https:\/\/www.google.com\/maps\/embed?pb=!1m18!1m12!1m3!1d185425.24435047334!2d-5.049323327334411!3d43.43408830445409!2m3!1f0!2f0!3f0!3m2!1i1024!2i768!4f13.1!3m3!1m2!1s0xd361f9686af154b%3A0xc5cb67ade81854f0!2sEl%20Encanto%20Villas%20Boutique!5e0!3m2!1ses!2ses!4v1598134528936!5m2!1ses!2ses\" width=\"600\" height=\"450\" frameborder=\"0\" style=\"border:0;\" allowfullscreen=\"\" aria-hidden=\"false\" tabindex=\"0\"><\/iframe><\/div><\/div><\/div>        <\/div>\n    <\/div>\n<\/div><\/div><\/div><\/div><\/div><\/section><div class=\"container vc_container  vc_custom_1531906799465 \" ><div class=\"vc_row wpb_row vc_row-fluid\"><div class=\"wpb_column vc_column_container vc_col-sm-1\/5\">\n    <div class=\"vc_column-inner \">\n        <div class=\"wpb_wrapper\">\n                    <\/div>\n    <\/div>\n<\/div><div class=\"wpb_column vc_column_container vc_col-sm-3\/5\">\n    <div class=\"vc_column-inner \">\n        <div class=\"wpb_wrapper\">\n            <div class=\"stm_spacer \">\n    <div class=\"visible-lg\" style=\"height: 120px;\"><\/div>\n    <div class=\"visible-md\" style=\"height: 120px;\"><\/div>\n    <div class=\"visible-sm\" style=\"height: 70px;\"><\/div>\n    <div class=\"visible-xs\" style=\"height: 60px;\"><\/div>\n<\/div><h2 style=\"text-align: center\" class=\"vc_custom_heading vc_custom_1596492426674   stm_custom_heading__icon text-center\"><i class=\"stmicon-haircut position_top mtc\" ><\/i>Ponte en Contacto<\/h2>\n<div class=\"wpcf7 no-js\" id=\"wpcf7-f1683-o1\" lang=\"es-ES\" dir=\"ltr\" data-wpcf7-id=\"1683\">\n<div class=\"screen-reader-response\"><p role=\"status\" aria-live=\"polite\" aria-atomic=\"true\"><\/p> <ul><\/ul><\/div>\n<form action=\"\/es_es\/wp-json\/wp\/v2\/pages\/168#wpcf7-f1683-o1\" method=\"post\" class=\"wpcf7-form init stm_cf7 stm_cf7_style_1\" aria-label=\"Formulario de contacto\" novalidate=\"novalidate\" data-status=\"init\">\n<fieldset class=\"hidden-fields-container\"><input type=\"hidden\" name=\"_wpcf7\" value=\"1683\" \/><input type=\"hidden\" name=\"_wpcf7_version\" value=\"6.1.4\" \/><input type=\"hidden\" name=\"_wpcf7_locale\" value=\"es_ES\" \/><input type=\"hidden\" name=\"_wpcf7_unit_tag\" value=\"wpcf7-f1683-o1\" \/><input type=\"hidden\" name=\"_wpcf7_container_post\" value=\"0\" \/><input type=\"hidden\" name=\"_wpcf7_posted_data_hash\" value=\"\" \/>\n<\/fieldset>\n<div class=\"row\">\n\t<div class=\"col-md-6\">\n\t\t<div class=\"form-group\">\n\t\t\t<p><span class=\"wpcf7-form-control-wrap\" data-name=\"text-462\"><input size=\"40\" maxlength=\"400\" class=\"wpcf7-form-control wpcf7-text wpcf7-validates-as-required\" aria-required=\"true\" aria-invalid=\"false\" placeholder=\"Nombre\" value=\"\" type=\"text\" name=\"text-462\" \/><\/span>\n\t\t\t<\/p>\n\t\t<\/div>\n\t<\/div>\n\t<div class=\"col-md-6\">\n\t\t<div class=\"form-group\">\n\t\t\t<p><span class=\"wpcf7-form-control-wrap\" data-name=\"email-308\"><input size=\"40\" maxlength=\"400\" class=\"wpcf7-form-control wpcf7-email wpcf7-validates-as-required wpcf7-text wpcf7-validates-as-email\" aria-required=\"true\" aria-invalid=\"false\" placeholder=\"Email\" value=\"\" type=\"email\" name=\"email-308\" \/><\/span>\n\t\t\t<\/p>\n\t\t<\/div>\n\t<\/div>\n\t<div class=\"col-md-12\">\n\t\t<div class=\"form-group\">\n\t\t\t<p><span class=\"wpcf7-form-control-wrap\" data-name=\"textarea-269\"><textarea cols=\"40\" rows=\"3\" maxlength=\"2000\" class=\"wpcf7-form-control wpcf7-textarea\" aria-invalid=\"false\" placeholder=\"Mensaje\" name=\"textarea-269\"><\/textarea><\/span>\n\t\t\t<\/p>\n\t\t<\/div>\n\t<\/div>\n\t<div class=\"col-md-12\">\n\t\t<div class=\"form-group text-center\">\n\t\t\t<p><button class=\"wpcf7-form-control wpcf7-submit btn btn_solid btn_primary\" type=\"submit\">Enviar Mensaje<\/button>\n\t\t\t<\/p>\n\t\t<\/div>\n\t<\/div>\n<\/div><div class=\"wpcf7-response-output\" aria-hidden=\"true\"><\/div>\n<\/form>\n<\/div>\n        <\/div>\n    <\/div>\n<\/div><div class=\"wpb_column vc_column_container vc_col-sm-1\/5\">\n    <div class=\"vc_column-inner \">\n        <div class=\"wpb_wrapper\">\n                    <\/div>\n    <\/div>\n<\/div><\/div><\/div>\n<\/div>","protected":false},"excerpt":{"rendered":"ESTAMOS PARA SERVIRTE En El Encanto Villas Boutique estamos comprometidos con tu comodidad y disfrute. Hemos dise\u00f1ado cada una de nuestras villas para hacerte sentir en la comodidad de tu hogar durante tu estancia en nuestras instalaciones. Tambi\u00e9n estamos comprometidos con la limpieza y desinfecci\u00f3n de nuestros espacios, seg\u00fan la normativa exigida para hoteles y [...]","protected":false},"author":1,"featured_media":0,"parent":0,"menu_order":0,"comment_status":"closed","ping_status":"closed","template":"","meta":{"_coblocks_attr":"","_coblocks_dimensions":"","_coblocks_responsive_height":"","_coblocks_accordion_ie_support":"","om_disable_all_campaigns":false,"_monsterinsights_skip_tracking":false,"_monsterinsights_sitenote_active":false,"_monsterinsights_sitenote_note":"","_monsterinsights_sitenote_category":0,"_uf_show_specific_survey":0,"_uf_disable_surveys":false,"footnotes":""},"class_list":["post-168","page","type-page","status-publish","hentry"],"aioseo_notices":[],"_links":{"self":[{"href":"https:\/\/elencantovillas.es\/es_es\/wp-json\/wp\/v2\/pages\/168","targetHints":{"allow":["GET"]}}],"collection":[{"href":"https:\/\/elencantovillas.es\/es_es\/wp-json\/wp\/v2\/pages"}],"about":[{"href":"https:\/\/elencantovillas.es\/es_es\/wp-json\/wp\/v2\/types\/page"}],"author":[{"embeddable":true,"href":"https:\/\/elencantovillas.es\/es_es\/wp-json\/wp\/v2\/users\/1"}],"replies":[{"embeddable":true,"href":"https:\/\/elencantovillas.es\/es_es\/wp-json\/wp\/v2\/comments?post=168"}],"version-history":[{"count":22,"href":"https:\/\/elencantovillas.es\/es_es\/wp-json\/wp\/v2\/pages\/168\/revisions"}],"predecessor-version":[{"id":1895,"href":"https:\/\/elencantovillas.es\/es_es\/wp-json\/wp\/v2\/pages\/168\/revisions\/1895"}],"wp:attachment":[{"href":"https:\/\/elencantovillas.es\/es_es\/wp-json\/wp\/v2\/media?parent=168"}],"curies":[{"name":"wp","href":"https:\/\/api.w.org\/{rel}","templated":true}]}}