{"id":295,"date":"2018-06-07T06:42:06","date_gmt":"2018-06-07T06:42:06","guid":{"rendered":"http:\/\/multipurpose.loc\/hotel\/?page_id=295"},"modified":"2025-05-09T17:40:39","modified_gmt":"2025-05-09T17:40:39","slug":"villa-uno","status":"publish","type":"page","link":"https:\/\/elencantovillas.es\/en\/villa-uno\/","title":{"rendered":"Villa One"},"content":{"rendered":"<div class=\"wpb-content-wrapper\"><div class=\"container vc_container\" ><div class=\"vc_row wpb_row vc_row-fluid\"><div class=\"wpb_column vc_column_container vc_col-sm-9\">\n    <div class=\"vc_column-inner\">\n        <div class=\"wpb_wrapper\">\n            <h1 style=\"text-align: left\" class=\"vc_custom_heading   text-left\">Villa One<\/h1><div class=\"stm_spacer\">\n    <div class=\"visible-lg\" style=\"height: 20px;\"><\/div>\n    <div class=\"visible-md\" style=\"height: 20px;\"><\/div>\n    <div class=\"visible-sm\" style=\"height: 20px;\"><\/div>\n    <div class=\"visible-xs\" style=\"height: 20px;\"><\/div>\n<\/div>    <div class=\"stm_carousel stm_carousel_style_1   stm_carousel__navigation_ navigation_on no-lightgallery stm_carousel_dots_bottom non-full-visible\" id=\"stm_carousel_69deeca35b24d\">\n\n\t\t\n            <div class=\"stm_carousel__big stm_lightgallery\">\n                <div id=\"stm_carousel1_69deeca35b24f\" class=\"stm_owl_navRight owl-carousel\">\n\t\t\t\t\t\t\t\t\t\t                    <div class=\"stm_carousel__single stm_carousel__single_big stm_owl__glitches\" data-number=\"0\">\n\n\t\t\t\t\t\t                            <div class=\"\">\n\t\t\t\t\t\t\t\t\n\n\t\t\t\t\t\t\t\t<img loading=\"lazy\" decoding=\"async\" class=\"\" src=\"https:\/\/elencantovillas.es\/wp-content\/uploads\/2020\/08\/V10001-1170x650.jpg\" width=\"1170\" height=\"650\" alt=\"cocina y comedor en el encanto villas boutique\" title=\"EL ENCANTO\" \/>\n\t\t\t\t\t\t\t\t\n\t\t\t\t\t\t\t\t                    <\/div>\n\t\t\t\t\n                <\/div>\n\t\t\t\t\t\t\t\t\t\t\t\t\t                    <div class=\"stm_carousel__single stm_carousel__single_big stm_owl__glitches\" data-number=\"1\">\n\n\t\t\t\t\t\t                            <div class=\"\">\n\t\t\t\t\t\t\t\t\n\n\t\t\t\t\t\t\t\t<img loading=\"lazy\" decoding=\"async\" class=\"\" src=\"https:\/\/elencantovillas.es\/wp-content\/uploads\/2020\/08\/V10002-1000x650.jpg\" width=\"1000\" height=\"650\" alt=\"comodo salon en el encanto villas boutique\" title=\"EL ENCANTO\" \/>\n\t\t\t\t\t\t\t\t\n\t\t\t\t\t\t\t\t                    <\/div>\n\t\t\t\t\n                <\/div>\n\t\t\t\t\t\t\t\t\t\t\t\t\t                    <div class=\"stm_carousel__single stm_carousel__single_big stm_owl__glitches\" data-number=\"2\">\n\n\t\t\t\t\t\t                            <div class=\"\">\n\t\t\t\t\t\t\t\t\n\n\t\t\t\t\t\t\t\t<img loading=\"lazy\" decoding=\"async\" class=\"\" src=\"https:\/\/elencantovillas.es\/wp-content\/uploads\/2020\/08\/V10005-1000x650.jpg\" width=\"1000\" height=\"650\" alt=\"Jardin privado en el encanto villas boutique\" title=\"EL ENCANTO\" \/>\n\t\t\t\t\t\t\t\t\n\t\t\t\t\t\t\t\t                    <\/div>\n\t\t\t\t\n                <\/div>\n\t\t\t\t\t\t\t\t\t\t\t\t\t                    <div class=\"stm_carousel__single stm_carousel__single_big stm_owl__glitches\" data-number=\"3\">\n\n\t\t\t\t\t\t                            <div class=\"\">\n\t\t\t\t\t\t\t\t\n\n\t\t\t\t\t\t\t\t<img loading=\"lazy\" decoding=\"async\" class=\"\" src=\"https:\/\/elencantovillas.es\/wp-content\/uploads\/2020\/08\/V10006-1000x650.jpg\" width=\"1000\" height=\"650\" alt=\"Jardin en el encanto villas boutique\" title=\"EL ENCANTO\" \/>\n\t\t\t\t\t\t\t\t\n\t\t\t\t\t\t\t\t                    <\/div>\n\t\t\t\t\n                <\/div>\n\t\t\t\t\t\t\t\t\t\t\t\t\t                    <div class=\"stm_carousel__single stm_carousel__single_big stm_owl__glitches\" data-number=\"4\">\n\n\t\t\t\t\t\t                            <div class=\"\">\n\t\t\t\t\t\t\t\t\n\n\t\t\t\t\t\t\t\t<img loading=\"lazy\" decoding=\"async\" class=\"\" src=\"https:\/\/elencantovillas.es\/wp-content\/uploads\/2020\/08\/V10003-1170x650.jpg\" width=\"1170\" height=\"650\" alt=\"amplia habitacion en el encanto villas boutique\" title=\"EL ENCANTO\" \/>\n\t\t\t\t\t\t\t\t\n\t\t\t\t\t\t\t\t                    <\/div>\n\t\t\t\t\n                <\/div>\n\t\t\t\t\t\t\t\t\t\t\t\t\t                    <div class=\"stm_carousel__single stm_carousel__single_big stm_owl__glitches\" data-number=\"5\">\n\n\t\t\t\t\t\t                            <div class=\"\">\n\t\t\t\t\t\t\t\t\n\n\t\t\t\t\t\t\t\t<img loading=\"lazy\" decoding=\"async\" class=\"\" src=\"https:\/\/elencantovillas.es\/wp-content\/uploads\/2020\/08\/V10004-1170x650.jpg\" width=\"1170\" height=\"650\" alt=\"gran ducha en el encanto villas boutique\" title=\"V10004\" \/>\n\t\t\t\t\t\t\t\t\n\t\t\t\t\t\t\t\t                    <\/div>\n\t\t\t\t\n                <\/div>\n\t\t\t\t\t\t\t\t\t\t\t\t\t                    <div class=\"stm_carousel__single stm_carousel__single_big stm_owl__glitches\" data-number=\"6\">\n\n\t\t\t\t\t\t                            <div class=\"\">\n\t\t\t\t\t\t\t\t\n\n\t\t\t\t\t\t\t\t<img loading=\"lazy\" decoding=\"async\" class=\"\" src=\"https:\/\/elencantovillas.es\/wp-content\/uploads\/2020\/08\/V10007-1170x650.jpg\" width=\"1170\" height=\"650\" alt=\"decoracion en el encanto villas boutique\" title=\"V10007\" \/>\n\t\t\t\t\t\t\t\t\n\t\t\t\t\t\t\t\t                    <\/div>\n\t\t\t\t\n                <\/div>\n\t\t\t\t\t\t\t\t            <\/div>\n\n\t\t\t\n\t\t    <\/div>\n\n\t\n    <\/div>\n\n    <!--Carousel initialization-->\n\n\t<div class=\"stm_spacer\">\n    <div class=\"visible-lg\" style=\"height: 20px;\"><\/div>\n    <div class=\"visible-md\" style=\"height: 20px;\"><\/div>\n    <div class=\"visible-sm\" style=\"height: 20px;\"><\/div>\n    <div class=\"visible-xs\" style=\"height: 20px;\"><\/div>\n<\/div><div class=\"aio-icon-component    style_1\"><div id=\"Info-box-wrap-8703\" class=\"aio-icon-box default-icon\" style=\"\"  ><div class=\"aio-icon-description ult-responsive\"  data-ultimate-target='#Info-box-wrap-8703 .aio-icon-description'  data-responsive-json-new='{\"font-size\":\"\",\"line-height\":\"\"}'  style=\"\"><\/p>\n<p class=\"p1\"><strong>Our Villas<\/strong> ofrecen todas las comodidades de una casa rural de categor\u00eda superior para brindarte flexibilidad e independencia. Con acabados impecables, materiales de alto standing y muebles hechos a medida, nos aseguramos de que cada villa te haga sentir como en casa.<\/p>\n<p><span class=\"\"><strong>Exclusivo alojamiento<\/strong> de hasta 4 personas dise\u00f1adas cuidadosamente para otorgarte m\u00e1xima comodidad en un ambiente rural. <\/span><span class=\"\">We have 4 boutique villas with a fully equipped kitchen, private garden, high speed internet service and private parking.<\/span><\/p>\n<p>Ubicadas en el coraz\u00f3n de <strong>Asturias Oriental<\/strong>, Ribadesella es una villa privilegiada en la desembocadura del R\u00edo Sella. A 600 mts. del rio para disfrutar de un ba\u00f1o. Se encuentra rodeada de monta\u00f1as, playas y senderos donde podr\u00e1s explorar y disfrutar de primera mano las bondades naturales y el encanto de Asturias. Tu mejor opci\u00f3n de <strong>alojamiento en Ribadesella<\/strong>.<\/p>\n<p>Est\u00e1 ubicado en El Junco a 3 kil\u00f3metros del casco antiguo de la ciudad. Cercano a diversas opciones gastron\u00f3micas, de entretenimiento, rutas de aventura, senderismo, paseos a caballo, ciclismo, playas, surf, r\u00edos, pirag\u00fcismo, cuevas, acantilados y museo del jur\u00e1sico para el disfrute de ni\u00f1os y adultos.<\/p>\n<p dir=\"ltr\" data-pm-slice=\"1 3 &#091;&#093;\">Desde\u00a0<strong>El Encanto Villas Boutique<\/strong>, tienes todo a un paso:<\/p>\n<ul class=\"tight\" dir=\"ltr\" data-tight=\"true\">\n<li>\n<p dir=\"ltr\"><strong>Playa de Santa Marina<\/strong>\u00a0y\u00a0<strong>Playa de Vega<\/strong>, perfectas para surf, paseos rom\u00e1nticos o castillos de arena con los ni\u00f1os.<\/p>\n<\/li>\n<li>\n<p dir=\"ltr\"><strong>Descent of the Sella River<\/strong>, una aventura en canoa que mezcla adrenalina y naturaleza (apta para mayores de 5 a\u00f1os).<\/p>\n<\/li>\n<li>\n<p dir=\"ltr\"><strong>Rutas de senderismo<\/strong>\u00a0como la del Cares o los Lagos de Covadonga, ideales para familias o parejas aventureras.<\/p>\n<\/li>\n<li>\n<p dir=\"ltr\"><strong>Pueblos con encanto<\/strong>\u00a0como Llanes o Cangas de On\u00eds, donde la gastronom\u00eda asturiana (fabada y cachopo) te enamorar\u00e1.<\/p>\n<\/li>\n<\/ul>\n<p><strong>El Encanto Villas Boutique<\/strong> se reserva el derecho de asignar una villa diferente, con las mismas caracter\u00edsticas, en caso de cualquier imprevisto con la villa previamente reservada.<\/div> <!-- description --><\/div> <!-- aio-icon-box --><\/div> <!-- aio-icon-component -->        <\/div>\n    <\/div>\n<\/div><div class=\"wpb_column vc_column_container vc_col-sm-3\">\n    <div class=\"vc_column-inner\">\n        <div class=\"wpb_wrapper\">\n            <div class=\"ubtn-ctn-left\"><a class=\"ubtn-link ult-adjust-bottom-margin ubtn-left ubtn-normal\" href = \"https:\/\/direct-book.com\/properties\/elencantovillasboutiquedirect\" target='' ><button type=\"button\" id=\"ubtn-3028\" class=\"ubtn ult-adjust-bottom-margin ult-responsive ubtn-normal ubtn-fade-bg  none  ubtn-left   tooltip-69deeca53868b\"  data-hover=\"#ffffff\" data-border-color=\"\" data-bg=\"#da521f\" data-hover-bg=\"#3f5657\" data-border-hover=\"\" data-shadow-hover=\"\" data-shadow-click=\"none\" data-shadow=\"\" data-shd-shadow=\"\"  data-ultimate-target='#ubtn-3028'  data-responsive-json-new='{\"font-size\":\"\",\"line-height\":\"\"}'  style=\"font-weight:bold;border:none;background: #da521f;color: #ffffff;\"><span class=\"ubtn-data ubtn-icon\"><i class=\"none\" style=\"font-size:32px;color:;\"><\/i><\/span><span class=\"ubtn-hover\" style=\"background-color:#3f5657\"><\/span><span class=\"ubtn-data ubtn-text\" >RESERVE<\/span><\/button><\/a><\/div><div class=\"stm_spacer\">\n    <div class=\"visible-lg\" style=\"height: 20px;\"><\/div>\n    <div class=\"visible-md\" style=\"height: 20px;\"><\/div>\n    <div class=\"visible-sm\" style=\"height: 20px;\"><\/div>\n    <div class=\"visible-xs\" style=\"height: 20px;\"><\/div>\n<\/div><div class=\"uavc-list-icon uavc-list-icon-wrapper ult-adjust-bottom-margin\"><ul class=\"uavc-list\"><li><div class=\"uavc-list-content\" id=\"list-icon-wrap-1587\">\n<div class=\"uavc-list-icon\" data-animation=\"\" data-animation-delay=\"03\" style=\"margin-right:20px;\"><div class=\"ult-just-icon-wrapper\"><div class=\"align-icon\" style=\"text-align:center;\">\n<div class=\"aio-icon circle\"  style=\"color:#da521f;background:#d6d6d6;font-size:20px;display:inline-block;\">\n\t<i class=\"Defaults-cutlery\"><\/i>\n<\/div><\/div><\/div>\n<\/div><span  data-ultimate-target='#list-icon-wrap-1587 .uavc-list-desc'  data-responsive-json-new='{\"font-size\":\"\",\"line-height\":\"\"}'  class=\"uavc-list-desc ult-responsive\" style=\"\">fully-equipped kitchen<\/span><\/div><\/li><\/ul><\/div><div class=\"uavc-list-icon uavc-list-icon-wrapper ult-adjust-bottom-margin\"><ul class=\"uavc-list\"><li><div class=\"uavc-list-content\" id=\"list-icon-wrap-6973\">\n<div class=\"uavc-list-icon\" data-animation=\"\" data-animation-delay=\"03\" style=\"margin-right:20px;\"><div class=\"ult-just-icon-wrapper\"><div class=\"align-icon\" style=\"text-align:center;\">\n<div class=\"aio-icon circle\"  style=\"color:#da521f;background:#d6d6d6;font-size:20px;display:inline-block;\">\n\t<i class=\"Defaults-bed hotel\"><\/i>\n<\/div><\/div><\/div>\n<\/div><span  data-ultimate-target='#list-icon-wrap-6973 .uavc-list-desc'  data-responsive-json-new='{\"font-size\":\"\",\"line-height\":\"\"}'  class=\"uavc-list-desc ult-responsive\" style=\"\">Sofa bed<\/span><\/div><\/li><\/ul><\/div><div class=\"uavc-list-icon uavc-list-icon-wrapper ult-adjust-bottom-margin\"><ul class=\"uavc-list\"><li><div class=\"uavc-list-content\" id=\"list-icon-wrap-4401\">\n<div class=\"uavc-list-icon\" data-animation=\"\" data-animation-delay=\"03\" style=\"margin-right:20px;\"><div class=\"ult-just-icon-wrapper\"><div class=\"align-icon\" style=\"text-align:center;\">\n<div class=\"aio-icon circle\"  style=\"color:#da521f;background:#d6d6d6;font-size:20px;display:inline-block;\">\n\t<i class=\"Defaults-bed hotel\"><\/i>\n<\/div><\/div><\/div>\n<\/div><span  data-ultimate-target='#list-icon-wrap-4401 .uavc-list-desc'  data-responsive-json-new='{\"font-size\":\"\",\"line-height\":\"\"}'  class=\"uavc-list-desc ult-responsive\" style=\"\">160x200 bed<\/span><\/div><\/li><\/ul><\/div><div class=\"uavc-list-icon uavc-list-icon-wrapper ult-adjust-bottom-margin\"><ul class=\"uavc-list\"><li><div class=\"uavc-list-content\" id=\"list-icon-wrap-1380\">\n<div class=\"uavc-list-icon\" data-animation=\"\" data-animation-delay=\"03\" style=\"margin-right:20px;\"><div class=\"ult-just-icon-wrapper\"><div class=\"align-icon\" style=\"text-align:center;\">\n<div class=\"aio-icon circle\"  style=\"color:#da521f;background:#d6d6d6;font-size:20px;display:inline-block;\">\n\t<i class=\"Defaults-desktop\"><\/i>\n<\/div><\/div><\/div>\n<\/div><span  data-ultimate-target='#list-icon-wrap-1380 .uavc-list-desc'  data-responsive-json-new='{\"font-size\":\"\",\"line-height\":\"\"}'  class=\"uavc-list-desc ult-responsive\" style=\"\">55\" TV in the living room and 43\" TV in the bedroom<\/span><\/div><\/li><\/ul><\/div><div class=\"uavc-list-icon uavc-list-icon-wrapper ult-adjust-bottom-margin\"><ul class=\"uavc-list\"><li><div class=\"uavc-list-content\" id=\"list-icon-wrap-7870\">\n<div class=\"uavc-list-icon\" data-animation=\"\" data-animation-delay=\"03\" style=\"margin-right:20px;\"><div class=\"ult-just-icon-wrapper\"><div class=\"align-icon\" style=\"text-align:center;\">\n<div class=\"aio-icon circle\"  style=\"color:#da521f;background:#d6d6d6;font-size:20px;display:inline-block;\">\n\t<i class=\"Defaults-check\"><\/i>\n<\/div><\/div><\/div>\n<\/div><span  data-ultimate-target='#list-icon-wrap-7870 .uavc-list-desc'  data-responsive-json-new='{\"font-size\":\"\",\"line-height\":\"\"}'  class=\"uavc-list-desc ult-responsive\" style=\"\">fully-equipped bathroom<\/span><\/div><\/li><\/ul><\/div><div class=\"uavc-list-icon uavc-list-icon-wrapper ult-adjust-bottom-margin\"><ul class=\"uavc-list\"><li><div class=\"uavc-list-content\" id=\"list-icon-wrap-9398\">\n<div class=\"uavc-list-icon\" data-animation=\"\" data-animation-delay=\"03\" style=\"margin-right:20px;\"><div class=\"ult-just-icon-wrapper\"><div class=\"align-icon\" style=\"text-align:center;\">\n<div class=\"aio-icon circle\"  style=\"color:#da521f;background:#d6d6d6;font-size:20px;display:inline-block;\">\n\t<i class=\"Defaults-wifi\"><\/i>\n<\/div><\/div><\/div>\n<\/div><span  data-ultimate-target='#list-icon-wrap-9398 .uavc-list-desc'  data-responsive-json-new='{\"font-size\":\"\",\"line-height\":\"\"}'  class=\"uavc-list-desc ult-responsive\" style=\"\">High-speed Internet service<\/span><\/div><\/li><\/ul><\/div><div class=\"uavc-list-icon uavc-list-icon-wrapper ult-adjust-bottom-margin\"><ul class=\"uavc-list\"><li><div class=\"uavc-list-content\" id=\"list-icon-wrap-3583\">\n<div class=\"uavc-list-icon\" data-animation=\"\" data-animation-delay=\"03\" style=\"margin-right:20px;\"><div class=\"ult-just-icon-wrapper\"><div class=\"align-icon\" style=\"text-align:center;\">\n<div class=\"aio-icon circle\"  style=\"color:#da521f;background:#d6d6d6;font-size:20px;display:inline-block;\">\n\t<i class=\"Defaults-leaf\"><\/i>\n<\/div><\/div><\/div>\n<\/div><span  data-ultimate-target='#list-icon-wrap-3583 .uavc-list-desc'  data-responsive-json-new='{\"font-size\":\"\",\"line-height\":\"\"}'  class=\"uavc-list-desc ult-responsive\" style=\"\">Private garden<\/span><\/div><\/li><\/ul><\/div><div class=\"uavc-list-icon uavc-list-icon-wrapper ult-adjust-bottom-margin\"><ul class=\"uavc-list\"><li><div class=\"uavc-list-content\" id=\"list-icon-wrap-7889\">\n<div class=\"uavc-list-icon\" data-animation=\"\" data-animation-delay=\"03\" style=\"margin-right:20px;\"><div class=\"ult-just-icon-wrapper\"><div class=\"align-icon\" style=\"text-align:center;\">\n<div class=\"aio-icon circle\"  style=\"color:#da521f;background:#d6d6d6;font-size:20px;display:inline-block;\">\n\t<i class=\"Defaults-automobile car\"><\/i>\n<\/div><\/div><\/div>\n<\/div><span  data-ultimate-target='#list-icon-wrap-7889 .uavc-list-desc'  data-responsive-json-new='{\"font-size\":\"\",\"line-height\":\"\"}'  class=\"uavc-list-desc ult-responsive\" style=\"\">Private parking<\/span><\/div><\/li><\/ul><\/div><div class=\"uavc-list-icon uavc-list-icon-wrapper ult-adjust-bottom-margin\"><ul class=\"uavc-list\"><li><div class=\"uavc-list-content\" id=\"list-icon-wrap-4915\">\n<div class=\"uavc-list-icon\" data-animation=\"\" data-animation-delay=\"03\" style=\"margin-right:20px;\"><div class=\"ult-just-icon-wrapper\"><div class=\"align-icon\" style=\"text-align:center;\">\n<div class=\"aio-icon circle\"  style=\"color:#da521f;background:#d6d6d6;font-size:20px;display:inline-block;\">\n\t<i class=\"Defaults-arrow-circle-o-up\"><\/i>\n<\/div><\/div><\/div>\n<\/div><span  data-ultimate-target='#list-icon-wrap-4915 .uavc-list-desc'  data-responsive-json-new='{\"font-size\":\"\",\"line-height\":\"\"}'  class=\"uavc-list-desc ult-responsive\" style=\"\">Dishwasher and Washing Machine<\/span><\/div><\/li><\/ul><\/div><div class=\"uavc-list-icon uavc-list-icon-wrapper ult-adjust-bottom-margin\"><ul class=\"uavc-list\"><li><div class=\"uavc-list-content\" id=\"list-icon-wrap-7538\">\n<div class=\"uavc-list-icon\" data-animation=\"\" data-animation-delay=\"03\" style=\"margin-right:20px;\"><div class=\"ult-just-icon-wrapper\"><div class=\"align-icon\" style=\"text-align:center;\">\n<div class=\"aio-icon circle\"  style=\"color:#da521f;background:#d6d6d6;font-size:20px;display:inline-block;\">\n\t<i class=\"Defaults-fire\"><\/i>\n<\/div><\/div><\/div>\n<\/div><span  data-ultimate-target='#list-icon-wrap-7538 .uavc-list-desc'  data-responsive-json-new='{\"font-size\":\"\",\"line-height\":\"\"}'  class=\"uavc-list-desc ult-responsive\" style=\"\">Grill at availability<\/span><\/div><\/li><\/ul><\/div>        <\/div>\n    <\/div>\n<\/div><\/div><\/div><div class=\"container vc_container\" ><div class=\"vc_row wpb_row vc_row-fluid\"><div class=\"wpb_column vc_column_container vc_col-sm-12\">\n    <div class=\"vc_column-inner\">\n        <div class=\"wpb_wrapper\">\n            <div class=\"stm_spacer\">\n    <div class=\"visible-lg\" style=\"height: 108px;\"><\/div>\n    <div class=\"visible-md\" style=\"height: 108px;\"><\/div>\n    <div class=\"visible-sm\" style=\"height: 70px;\"><\/div>\n    <div class=\"visible-xs\" style=\"height: 50px;\"><\/div>\n<\/div>        <\/div>\n    <\/div>\n<\/div><\/div><\/div>\n<\/div>","protected":false},"excerpt":{"rendered":"Villa Uno Nuestras Villas ofrecen todas las comodidades de una casa rural de categor\u00eda superior para brindarte flexibilidad e independencia. Con acabados impecables, materiales de alto standing y muebles hechos a medida, nos aseguramos de que cada villa te haga sentir como en casa. Exclusivo alojamiento de hasta 4 personas dise\u00f1adas cuidadosamente para otorgarte m\u00e1xima [...]","protected":false},"author":1,"featured_media":0,"parent":0,"menu_order":0,"comment_status":"closed","ping_status":"closed","template":"","meta":{"_coblocks_attr":"","_coblocks_dimensions":"","_coblocks_responsive_height":"","_coblocks_accordion_ie_support":"","om_disable_all_campaigns":false,"_monsterinsights_skip_tracking":false,"_monsterinsights_sitenote_active":false,"_monsterinsights_sitenote_note":"","_monsterinsights_sitenote_category":0,"_uf_show_specific_survey":0,"_uf_disable_surveys":false,"footnotes":""},"class_list":["post-295","page","type-page","status-publish","hentry"],"aioseo_notices":[],"_links":{"self":[{"href":"https:\/\/elencantovillas.es\/en\/wp-json\/wp\/v2\/pages\/295","targetHints":{"allow":["GET"]}}],"collection":[{"href":"https:\/\/elencantovillas.es\/en\/wp-json\/wp\/v2\/pages"}],"about":[{"href":"https:\/\/elencantovillas.es\/en\/wp-json\/wp\/v2\/types\/page"}],"author":[{"embeddable":true,"href":"https:\/\/elencantovillas.es\/en\/wp-json\/wp\/v2\/users\/1"}],"replies":[{"embeddable":true,"href":"https:\/\/elencantovillas.es\/en\/wp-json\/wp\/v2\/comments?post=295"}],"version-history":[{"count":41,"href":"https:\/\/elencantovillas.es\/en\/wp-json\/wp\/v2\/pages\/295\/revisions"}],"predecessor-version":[{"id":1635,"href":"https:\/\/elencantovillas.es\/en\/wp-json\/wp\/v2\/pages\/295\/revisions\/1635"}],"wp:attachment":[{"href":"https:\/\/elencantovillas.es\/en\/wp-json\/wp\/v2\/media?parent=295"}],"curies":[{"name":"wp","href":"https:\/\/api.w.org\/{rel}","templated":true}]}}