{"id":258,"date":"2018-06-05T12:49:55","date_gmt":"2018-06-05T12:49:55","guid":{"rendered":"http:\/\/multipurpose.loc\/hotel\/?page_id=258"},"modified":"2025-05-09T16:29:53","modified_gmt":"2025-05-09T16:29:53","slug":"villas","status":"publish","type":"page","link":"https:\/\/elencantovillas.es\/en\/villas\/","title":{"rendered":"VILLAS"},"content":{"rendered":"<div class=\"wpb-content-wrapper\"><section class=\"vc_section vc_custom_1597939837824\"><div class=\"container-fluid vc_container-fluid  vc_custom_1592443191913\" ><div class=\"vc_row wpb_row vc_row-fluid vc_row-has-fill\"><div class=\"container\"><div class=\"row\"><div class=\"wpb_column vc_column_container vc_col-sm-12\">\n    <div class=\"vc_column-inner\">\n        <div class=\"wpb_wrapper\">\n            <div class=\"stm_spacer\">\n    <div class=\"visible-lg\" style=\"height: 450px;\"><\/div>\n    <div class=\"visible-md\" style=\"height: 450px;\"><\/div>\n    <div class=\"visible-sm\" style=\"height: 450px;\"><\/div>\n    <div class=\"visible-xs\" style=\"height: 450px;\"><\/div>\n<\/div>        <\/div>\n    <\/div>\n<\/div><\/div><\/div><\/div><\/div><div class=\"container-fluid vc_container-fluid  fixed_bg vc_custom_1538719455163\" ><div class=\"vc_row wpb_row vc_row-fluid vc_row-has-fill\"><div class=\"container\"><div class=\"row\"><div class=\"wpb_column vc_column_container vc_col-sm-12\">\n    <div class=\"vc_column-inner vc_custom_1597939988272\">\n        <div class=\"wpb_wrapper\">\n            <div class=\"vc_icon_element vc_icon_element-outer vc_custom_1538651827994 vc_do_icon vc_icon_element-align-center\"><div class=\"vc_icon_element-inner vc_icon_element-color-white vc_icon_element-size-md vc_icon_element-style- vc_icon_element-background-color-grey\" ><span class=\"vc_icon_element-icon stmicon-haircut\" ><\/span><\/div><\/div><h1 style=\"font-size: 48px;color: #ffffff;text-align: center\" class=\"vc_custom_heading   text-center\">Our Villas<\/h1><div class=\"vc_row wpb_row vc_inner vc_row-fluid\"><div class=\"wpb_column vc_column_container vc_col-sm-3 hotel_column_inner_2521a858617caf9e05c6482f21e89734\"><div class=\"vc_column-inner\"><div class=\"wpb_wrapper\">\n\t<div  class=\"wpb_single_image wpb_content_element vc_align_center wpb_content_element\">\n\t\t\n\t\t<figure class=\"wpb_wrapper vc_figure\">\n\t\t\t<div class=\"vc_single_image-wrapper   vc_box_border_grey\"><img fetchpriority=\"high\" decoding=\"async\" width=\"300\" height=\"200\" src=\"https:\/\/elencantovillas.es\/wp-content\/uploads\/2020\/08\/V10001-300x200.jpg\" class=\"vc_single_image-img attachment-medium\" alt=\"cocina y comedor en el encanto villas boutique\" title=\"EL ENCANTO\" srcset=\"https:\/\/elencantovillas.es\/wp-content\/uploads\/2020\/08\/V10001-300x200.jpg 300w, https:\/\/elencantovillas.es\/wp-content\/uploads\/2020\/08\/V10001-1024x683.jpg 1024w, https:\/\/elencantovillas.es\/wp-content\/uploads\/2020\/08\/V10001-768x512.jpg 768w, https:\/\/elencantovillas.es\/wp-content\/uploads\/2020\/08\/V10001-450x300.jpg 450w, https:\/\/elencantovillas.es\/wp-content\/uploads\/2020\/08\/V10001.jpg 1500w\" sizes=\"(max-width: 300px) 100vw, 300px\" \/><\/div>\n\t\t<\/figure>\n\t<\/div>\n\n\t<div class=\"wpb_text_column wpb_content_element vc_custom_1746808103080\" >\n\t\t<div class=\"wpb_wrapper\">\n\t\t\t<h5 style=\"text-align: center;\">Villa One<\/h5>\n<p style=\"text-align: center;\">Bedroom with a 160\u00d7200 bed, fully equipped kitchen, living room with a sofa bed.<\/p>\n\n\t\t<\/div>\n\t<\/div>\n<div class=\"ubtn-ctn-center\"><a class=\"ubtn-link ult-adjust-bottom-margin ubtn-center ubtn-block\" href = \"https:\/\/elencantovillas.es\/en\/villa-uno\/\" target='' ><button type=\"button\" id=\"ubtn-2834\" class=\"ubtn ult-adjust-bottom-margin ult-responsive ubtn-block ubtn-fade-bg  none  ubtn-center   tooltip-69e1d37eeace1 ubtn-block\"  data-hover=\"#ffffff\" data-border-color=\"\" data-bg=\"#da521f\" data-hover-bg=\"#3f5657\" data-border-hover=\"\" data-shadow-hover=\"\" data-shadow-click=\"none\" data-shadow=\"\" data-shd-shadow=\"\"  data-ultimate-target='#ubtn-2834'  data-responsive-json-new='{\"font-size\":\"desktop:15px;\",\"line-height\":\"desktop:16px;\"}'  style=\"font-weight:bold;border:none;background: #da521f;color: #ffffff;\"><span class=\"ubtn-hover\" style=\"background-color:#3f5657\"><\/span><span class=\"ubtn-data ubtn-text\" >SEE MORE<\/span><\/button><\/a><\/div><\/div><\/div><\/div><div class=\"wpb_column vc_column_container vc_col-sm-3 hotel_column_inner_5dc390b8e3161aa3b202467856cfadd7\"><div class=\"vc_column-inner\"><div class=\"wpb_wrapper\">\n\t<div  class=\"wpb_single_image wpb_content_element vc_align_center wpb_content_element\">\n\t\t\n\t\t<figure class=\"wpb_wrapper vc_figure\">\n\t\t\t<div class=\"vc_single_image-wrapper   vc_box_border_grey\"><img decoding=\"async\" width=\"300\" height=\"200\" src=\"https:\/\/elencantovillas.es\/wp-content\/uploads\/2020\/08\/V20001-300x200.jpg\" class=\"vc_single_image-img attachment-medium\" alt=\"salon y cocina completa en el encanto villas boutique\" title=\"EL ENCANTO\" srcset=\"https:\/\/elencantovillas.es\/wp-content\/uploads\/2020\/08\/V20001-300x200.jpg 300w, https:\/\/elencantovillas.es\/wp-content\/uploads\/2020\/08\/V20001-768x512.jpg 768w, https:\/\/elencantovillas.es\/wp-content\/uploads\/2020\/08\/V20001-450x300.jpg 450w, https:\/\/elencantovillas.es\/wp-content\/uploads\/2020\/08\/V20001.jpg 1000w\" sizes=\"(max-width: 300px) 100vw, 300px\" \/><\/div>\n\t\t<\/figure>\n\t<\/div>\n\n\t<div class=\"wpb_text_column wpb_content_element vc_custom_1598634625707\" >\n\t\t<div class=\"wpb_wrapper\">\n\t\t\t<h5 style=\"text-align: center;\">Villa Two<\/h5>\n<p style=\"text-align: center;\">Bedroom with a 180\u00d7200 bed (separable to two 90\u00d7200 beds) and living room with a sofa bed.<\/p>\n\n\t\t<\/div>\n\t<\/div>\n<div class=\"ubtn-ctn-center\"><a class=\"ubtn-link ult-adjust-bottom-margin ubtn-center ubtn-block\" href = \"https:\/\/elencantovillas.es\/en\/villa-dos\/\" target='' ><button type=\"button\" id=\"ubtn-1636\" class=\"ubtn ult-adjust-bottom-margin ult-responsive ubtn-block ubtn-fade-bg  none  ubtn-center   tooltip-69e1d37eeb1d9 ubtn-block\"  data-hover=\"#ffffff\" data-border-color=\"\" data-bg=\"#da521f\" data-hover-bg=\"#3f5657\" data-border-hover=\"\" data-shadow-hover=\"\" data-shadow-click=\"none\" data-shadow=\"\" data-shd-shadow=\"\"  data-ultimate-target='#ubtn-1636'  data-responsive-json-new='{\"font-size\":\"desktop:15px;\",\"line-height\":\"desktop:16px;\"}'  style=\"font-weight:bold;border:none;background: #da521f;color: #ffffff;\"><span class=\"ubtn-hover\" style=\"background-color:#3f5657\"><\/span><span class=\"ubtn-data ubtn-text\" >SEE MORE<\/span><\/button><\/a><\/div><\/div><\/div><\/div><div class=\"wpb_column vc_column_container vc_col-sm-3 hotel_column_inner_5dc390b8e3161aa3b202467856cfadd7\"><div class=\"vc_column-inner\"><div class=\"wpb_wrapper\">\n\t<div  class=\"wpb_single_image wpb_content_element vc_align_center wpb_content_element\">\n\t\t\n\t\t<figure class=\"wpb_wrapper vc_figure\">\n\t\t\t<div class=\"vc_single_image-wrapper   vc_box_border_grey\"><img decoding=\"async\" width=\"300\" height=\"200\" src=\"https:\/\/elencantovillas.es\/wp-content\/uploads\/2020\/08\/V30001-300x200.jpg\" class=\"vc_single_image-img attachment-medium\" alt=\"villas de lujo en Asturias\" title=\"villas de lujo en Asturias\" srcset=\"https:\/\/elencantovillas.es\/wp-content\/uploads\/2020\/08\/V30001-300x200.jpg 300w, https:\/\/elencantovillas.es\/wp-content\/uploads\/2020\/08\/V30001-1024x683.jpg 1024w, https:\/\/elencantovillas.es\/wp-content\/uploads\/2020\/08\/V30001-768x512.jpg 768w, https:\/\/elencantovillas.es\/wp-content\/uploads\/2020\/08\/V30001-450x300.jpg 450w, https:\/\/elencantovillas.es\/wp-content\/uploads\/2020\/08\/V30001.jpg 1500w\" sizes=\"(max-width: 300px) 100vw, 300px\" \/><\/div>\n\t\t<\/figure>\n\t<\/div>\n\n\t<div class=\"wpb_text_column wpb_content_element vc_custom_1598634634195\" >\n\t\t<div class=\"wpb_wrapper\">\n\t\t\t<h5 style=\"text-align: center;\">Villa Three<\/h5>\n<p style=\"text-align: center;\">Bedroom with a 160\u00d7200 bed, fully equipped kitchen, living room with a sofa bed.<\/p>\n\n\t\t<\/div>\n\t<\/div>\n<div class=\"ubtn-ctn-center\"><a class=\"ubtn-link ult-adjust-bottom-margin ubtn-center ubtn-block\" href = \"https:\/\/elencantovillas.es\/en\/villa-tres\/\" target='' ><button type=\"button\" id=\"ubtn-6280\" class=\"ubtn ult-adjust-bottom-margin ult-responsive ubtn-block ubtn-fade-bg  none  ubtn-center   tooltip-69e1d37eed2db ubtn-block\"  data-hover=\"#ffffff\" data-border-color=\"\" data-bg=\"#da521f\" data-hover-bg=\"#3f5657\" data-border-hover=\"\" data-shadow-hover=\"\" data-shadow-click=\"none\" data-shadow=\"\" data-shd-shadow=\"\"  data-ultimate-target='#ubtn-6280'  data-responsive-json-new='{\"font-size\":\"desktop:15px;\",\"line-height\":\"desktop:16px;\"}'  style=\"font-weight:bold;border:none;background: #da521f;color: #ffffff;\"><span class=\"ubtn-hover\" style=\"background-color:#3f5657\"><\/span><span class=\"ubtn-data ubtn-text\" >SEE MORE<\/span><\/button><\/a><\/div><\/div><\/div><\/div><div class=\"wpb_column vc_column_container vc_col-sm-3 hotel_column_inner_5dc390b8e3161aa3b202467856cfadd7\"><div class=\"vc_column-inner\"><div class=\"wpb_wrapper\">\n\t<div  class=\"wpb_single_image wpb_content_element vc_align_center wpb_content_element\">\n\t\t\n\t\t<figure class=\"wpb_wrapper vc_figure\">\n\t\t\t<div class=\"vc_single_image-wrapper   vc_box_border_grey\"><img loading=\"lazy\" decoding=\"async\" width=\"300\" height=\"200\" src=\"https:\/\/elencantovillas.es\/wp-content\/uploads\/2020\/08\/V40001-300x200.jpg\" class=\"vc_single_image-img attachment-medium\" alt=\"salon y cocina equipada en el encanto villas boutique\" title=\"EL ENCANTO\" srcset=\"https:\/\/elencantovillas.es\/wp-content\/uploads\/2020\/08\/V40001-300x200.jpg 300w, https:\/\/elencantovillas.es\/wp-content\/uploads\/2020\/08\/V40001-768x512.jpg 768w, https:\/\/elencantovillas.es\/wp-content\/uploads\/2020\/08\/V40001-450x300.jpg 450w, https:\/\/elencantovillas.es\/wp-content\/uploads\/2020\/08\/V40001.jpg 1000w\" sizes=\"(max-width: 300px) 100vw, 300px\" \/><\/div>\n\t\t<\/figure>\n\t<\/div>\n\n\t<div class=\"wpb_text_column wpb_content_element vc_custom_1598634644908\" >\n\t\t<div class=\"wpb_wrapper\">\n\t\t\t<h5 style=\"text-align: center;\">Villa Four<\/h5>\n<p style=\"text-align: center;\">Bedroom with a 180\u00d7200 bed (separable to two 90\u00d7200 beds) and living room with a sofa bed.<\/p>\n\n\t\t<\/div>\n\t<\/div>\n<div class=\"ubtn-ctn-center\"><a class=\"ubtn-link ult-adjust-bottom-margin ubtn-center ubtn-block\" href = \"https:\/\/elencantovillas.es\/en\/villa-cuatro\/\" target='' ><button type=\"button\" id=\"ubtn-8283\" class=\"ubtn ult-adjust-bottom-margin ult-responsive ubtn-block ubtn-fade-bg  none  ubtn-center   tooltip-69e1d37eed79b ubtn-block\"  data-hover=\"#ffffff\" data-border-color=\"\" data-bg=\"#da521f\" data-hover-bg=\"#3f5657\" data-border-hover=\"\" data-shadow-hover=\"\" data-shadow-click=\"none\" data-shadow=\"\" data-shd-shadow=\"\"  data-ultimate-target='#ubtn-8283'  data-responsive-json-new='{\"font-size\":\"desktop:15px;\",\"line-height\":\"desktop:16px;\"}'  style=\"font-weight:bold;border:none;background: #da521f;color: #ffffff;\"><span class=\"ubtn-hover\" style=\"background-color:#3f5657\"><\/span><span class=\"ubtn-data ubtn-text\" >SEE MORE<\/span><\/button><\/a><\/div><\/div><\/div><\/div><\/div>        <\/div>\n    <\/div>\n<\/div><\/div><\/div><\/div><\/div><\/section><section class=\"vc_section vc_custom_1537869517070\"><div class=\"container-fluid vc_container-fluid  vc_custom_1537940056087\" ><div class=\"vc_row wpb_row vc_row-fluid vc_row-has-fill\"><div class=\"container\"><div class=\"row\"><div class=\"wpb_column vc_column_container vc_col-sm-3\">\n    <div class=\"vc_column-inner\">\n        <div class=\"wpb_wrapper\">\n                    <\/div>\n    <\/div>\n<\/div><div class=\"wpb_column vc_column_container vc_col-sm-6\">\n    <div class=\"vc_column-inner\">\n        <div class=\"wpb_wrapper\">\n            <div class=\"stm_spacer\">\n    <div class=\"visible-lg\" style=\"height: 123px;\"><\/div>\n    <div class=\"visible-md\" style=\"height: 123px;\"><\/div>\n    <div class=\"visible-sm\" style=\"height: 100px;\"><\/div>\n    <div class=\"visible-xs\" style=\"height: 100px;\"><\/div>\n<\/div><h2 style=\"text-align: center\" class=\"vc_custom_heading   stm_custom_heading__icon text-center\"><i class=\"stmicon-haircut position_top ttc\" ><\/i>The Villas include<\/h2>\n\t<div class=\"wpb_text_column wpb_content_element vc_custom_1598802325319\" >\n\t\t<div class=\"wpb_wrapper\">\n\t\t\t<p style=\"text-align: center;\">Rooms can be requested with one double bed or two single beds and each has a 55\u2033 TV in the living room and a 43\u2033 TV in the bedroom.<\/p>\n\n\t\t<\/div>\n\t<\/div>\n        <\/div>\n    <\/div>\n<\/div><div class=\"wpb_column vc_column_container vc_col-sm-3\">\n    <div class=\"vc_column-inner\">\n        <div class=\"wpb_wrapper\">\n                    <\/div>\n    <\/div>\n<\/div><\/div><\/div><\/div><\/div><div class=\"container-fluid vc_container-fluid  vc_custom_1538030696169\" ><div class=\"vc_row wpb_row vc_row-fluid\"><div class=\"container\"><div class=\"row\"><div class=\"wpb_column vc_column_container vc_col-sm-12\">\n    <div class=\"vc_column-inner\">\n        <div class=\"wpb_wrapper\">\n            <div class=\"vc_row wpb_row vc_inner vc_row-fluid vc_custom_1538030529201\"><div class=\"wpb_column vc_column_container vc_col-sm-3 vc_col-xs-6 hotel_column_inner_b19d87e7cc3c81e2c59e827071283401\"><div class=\"vc_column-inner\"><div class=\"wpb_wrapper\">\n\n    <div class=\"stm_icon   text-center stm_icon_69e1d37eee724 stm_icon_styled_bg\">\n        <i style=\"font-size: 80px\"\n           class=\"stmicon-hotel-internet ttc mbc_h\"><\/i>\n    <\/div>\n\n<h6 style=\"text-align: center\" class=\"vc_custom_heading   text-center\">HIGH SPEED INTERNET<\/h6><div class=\"stm_spacer\">\n    <div class=\"visible-lg\" style=\"height: 20px;\"><\/div>\n    <div class=\"visible-md\" style=\"height: 20px;\"><\/div>\n    <div class=\"visible-sm\" style=\"height: 20px;\"><\/div>\n    <div class=\"visible-xs\" style=\"height: 20px;\"><\/div>\n<\/div><\/div><\/div><\/div><div class=\"wpb_column vc_column_container vc_col-sm-3 vc_col-xs-6 hotel_column_inner_b19d87e7cc3c81e2c59e827071283401\"><div class=\"vc_column-inner\"><div class=\"wpb_wrapper\">\n\n    <div class=\"stm_icon   text-center stm_icon_69e1d37eee97d stm_icon_styled_bg\">\n        <i style=\"font-size: 80px\"\n           class=\"stmicon-hotel-parking ttc mbc_h\"><\/i>\n    <\/div>\n\n<h6 style=\"text-align: center\" class=\"vc_custom_heading   text-center\">PARKING<\/h6><div class=\"stm_spacer\">\n    <div class=\"visible-lg\" style=\"height: 20px;\"><\/div>\n    <div class=\"visible-md\" style=\"height: 20px;\"><\/div>\n    <div class=\"visible-sm\" style=\"height: 20px;\"><\/div>\n    <div class=\"visible-xs\" style=\"height: 20px;\"><\/div>\n<\/div><\/div><\/div><\/div><div class=\"wpb_column vc_column_container vc_col-sm-3 vc_col-xs-6 hotel_column_inner_b19d87e7cc3c81e2c59e827071283401\"><div class=\"vc_column-inner\"><div class=\"wpb_wrapper\">\n\n    <div class=\"stm_icon   text-center stm_icon_69e1d37eeebbd stm_icon_styled_bg\">\n        <i style=\"font-size: 80px\"\n           class=\"stmicon-hotel_restaurant ttc mbc_h\"><\/i>\n    <\/div>\n\n<h6 style=\"text-align: center\" class=\"vc_custom_heading   text-center\">FULLY EQUIPPED KITCHEN<\/h6><div class=\"stm_spacer\">\n    <div class=\"visible-lg\" style=\"height: 20px;\"><\/div>\n    <div class=\"visible-md\" style=\"height: 20px;\"><\/div>\n    <div class=\"visible-sm\" style=\"height: 20px;\"><\/div>\n    <div class=\"visible-xs\" style=\"height: 20px;\"><\/div>\n<\/div><\/div><\/div><\/div><div class=\"wpb_column vc_column_container vc_col-sm-3 vc_col-xs-6 hotel_column_inner_b19d87e7cc3c81e2c59e827071283401\"><div class=\"vc_column-inner\"><div class=\"wpb_wrapper\">\n\n    <div class=\"stm_icon   text-center stm_icon_69e1d37eeedd9 stm_icon_styled_bg\">\n        <i style=\"font-size: 70px\"\n           class=\"stmicon-hotel_bed-3 ttc mbc_h\"><\/i>\n    <\/div>\n\n<h6 style=\"text-align: center\" class=\"vc_custom_heading   text-center\">DOUBLE OR SINGLE BEDS<\/h6><div class=\"stm_spacer\">\n    <div class=\"visible-lg\" style=\"height: 20px;\"><\/div>\n    <div class=\"visible-md\" style=\"height: 20px;\"><\/div>\n    <div class=\"visible-sm\" style=\"height: 20px;\"><\/div>\n    <div class=\"visible-xs\" style=\"height: 20px;\"><\/div>\n<\/div><\/div><\/div><\/div><\/div><div class=\"vc_row wpb_row vc_inner vc_row-fluid\"><div class=\"wpb_column vc_column_container vc_col-sm-3 vc_col-xs-6 hotel_column_inner_b19d87e7cc3c81e2c59e827071283401\"><div class=\"vc_column-inner\"><div class=\"wpb_wrapper\">\n\n    <div class=\"stm_icon   text-center stm_icon_69e1d37eef0b8 stm_icon_styled_bg\">\n        <i style=\"font-size: 88px\"\n           class=\"stmicon-hotel-spa ttc mbc_h\"><\/i>\n    <\/div>\n\n<h6 style=\"text-align: center\" class=\"vc_custom_heading   text-center\">PRIVATE GARDEN<\/h6><div class=\"stm_spacer\">\n    <div class=\"visible-lg\" style=\"height: 20px;\"><\/div>\n    <div class=\"visible-md\" style=\"height: 20px;\"><\/div>\n    <div class=\"visible-sm\" style=\"height: 20px;\"><\/div>\n    <div class=\"visible-xs\" style=\"height: 20px;\"><\/div>\n<\/div><\/div><\/div><\/div><div class=\"wpb_column vc_column_container vc_col-sm-3 vc_col-xs-6 hotel_column_inner_c2e65f890d295dc2616cd47b627730b9\"><div class=\"vc_column-inner\"><div class=\"wpb_wrapper\">\n\n    <div class=\"stm_icon   text-center stm_icon_69e1d37eef332 stm_icon_styled_bg\">\n        <i style=\"font-size: 65px\"\n           class=\"stmicon-hotel_bathtub ttc mbc_h\"><\/i>\n    <\/div>\n\n<h6 style=\"text-align: center\" class=\"vc_custom_heading   text-center\">FULLY EQUIPPED BATHROOM<\/h6><div class=\"stm_spacer\">\n    <div class=\"visible-lg\" style=\"height: 20px;\"><\/div>\n    <div class=\"visible-md\" style=\"height: 20px;\"><\/div>\n    <div class=\"visible-sm\" style=\"height: 20px;\"><\/div>\n    <div class=\"visible-xs\" style=\"height: 20px;\"><\/div>\n<\/div><\/div><\/div><\/div><div class=\"wpb_column vc_column_container vc_col-sm-3 vc_col-xs-6 hotel_column_inner_b19d87e7cc3c81e2c59e827071283401\"><div class=\"vc_column-inner\"><div class=\"wpb_wrapper\">\n\n    <div class=\"stm_icon   text-center stm_icon_69e1d37eef558 stm_icon_styled_bg\">\n        <i style=\"font-size: 66px\"\n           class=\"stmicon-television ttc mbc_h\"><\/i>\n    <\/div>\n\n<h6 style=\"text-align: center\" class=\"vc_custom_heading   text-center\">TELEVISION<\/h6><div class=\"stm_spacer\">\n    <div class=\"visible-lg\" style=\"height: 20px;\"><\/div>\n    <div class=\"visible-md\" style=\"height: 20px;\"><\/div>\n    <div class=\"visible-sm\" style=\"height: 20px;\"><\/div>\n    <div class=\"visible-xs\" style=\"height: 20px;\"><\/div>\n<\/div><\/div><\/div><\/div><div class=\"wpb_column vc_column_container vc_col-sm-3 vc_col-xs-6 hotel_column_inner_b19d87e7cc3c81e2c59e827071283401\"><div class=\"vc_column-inner\"><div class=\"wpb_wrapper\">\n\n    <div class=\"stm_icon   text-center stm_icon_69e1d37eef780 stm_icon_styled_bg\">\n        <i style=\"font-size: 78px\"\n           class=\"stmicon-hotel_bed-1 ttc mbc_h\"><\/i>\n    <\/div>\n\n<h6 style=\"text-align: center\" class=\"vc_custom_heading   text-center\">SOFA BED<\/h6><div class=\"stm_spacer\">\n    <div class=\"visible-lg\" style=\"height: 20px;\"><\/div>\n    <div class=\"visible-md\" style=\"height: 20px;\"><\/div>\n    <div class=\"visible-sm\" style=\"height: 20px;\"><\/div>\n    <div class=\"visible-xs\" style=\"height: 20px;\"><\/div>\n<\/div><\/div><\/div><\/div><\/div>        <\/div>\n    <\/div>\n<\/div><\/div><\/div><\/div><\/div><\/section><section class=\"vc_section fixed_bg vc_custom_1538719467342 vc_section-has-fill\"><div class=\"container vc_container\" ><div class=\"vc_row wpb_row vc_row-fluid\"><div class=\"wpb_column vc_column_container vc_col-sm-12\">\n    <div class=\"vc_column-inner\">\n        <div class=\"wpb_wrapper\">\n            <div class=\"stm_spacer\">\n    <div class=\"visible-lg\" style=\"height: 99px;\"><\/div>\n    <div class=\"visible-md\" style=\"height: 99px;\"><\/div>\n    <div class=\"visible-sm\" style=\"height: 70px;\"><\/div>\n    <div class=\"visible-xs\" style=\"height: 50px;\"><\/div>\n<\/div><h2 style=\"text-align: center\" class=\"vc_custom_heading   stm_custom_heading__icon text-center\"><i class=\"stmicon-haircut position_top ttc\" ><\/i>Client Reviews<\/h2><div class=\"stm_spacer\">\n    <div class=\"visible-lg\" style=\"height: 40px;\"><\/div>\n    <div class=\"visible-md\" style=\"height: 40px;\"><\/div>\n    <div class=\"visible-sm\" style=\"height: 30px;\"><\/div>\n    <div class=\"visible-xs\" style=\"height: 20px;\"><\/div>\n<\/div>        <\/div>\n    <\/div>\n<\/div><\/div><\/div><div class=\"container vc_container\" ><div class=\"vc_row wpb_row vc_row-fluid\"><div class=\"wpb_column vc_column_container vc_col-sm-12\">\n    <div class=\"vc_column-inner\">\n        <div class=\"wpb_wrapper\">\n                <div class=\"stm_testimonials   stm_testimonials_style_1\">\n\t\t        <div class=\"stm_testimonial__carousel owl-carousel\" id=\"stm_testimonial__carousel_69e1d37ef21e0\">\n\t\t\t\t\t\t\t                <div class=\"stm_testimonials__item stm_owl__glitches stc_b post-1423 stm_testimonials type-stm_testimonials status-publish hentry\">\n                    <div class=\"stm_testimonials__review mtc_b mtc_a\">I like everything about this property - the interior design and the surrounding area. A great place to relax from the city. Don't be mistaken by booking.com, there is Internet and very fast one!<\/div>\n                    <div class=\"stm_testimonials__meta stm_testimonials__meta_left stm_testimonials__meta_align-center\">\n\n\n\t\t\t\t\t\t\n                        <div class=\"stm_testimonials__info\">\n\t\t\t\t\t\t\t                                <h5 class=\"no_line text-transform\">Gabija - Lithuania<\/h5>\n\t\t\t\t\t\t\t\t\t\t\t\t\t\t                                <h6 class=\"no_line text-transform\">V\u00eda Booking.com<\/h6>\n\t\t\t\t\t\t\t                        <\/div>\n                    <\/div>\n                <\/div>\n\t\t\t\t\t\t\t\t\t\t\t                <div class=\"stm_testimonials__item stm_owl__glitches stc_b post-106 stm_testimonials type-stm_testimonials status-publish has-post-thumbnail hentry\">\n                    <div class=\"stm_testimonials__review mtc_b mtc_a\">The truth is, as the name suggests, the villas are enchanting. Very good taste in decoration, and all the villas have private gardens with excellent views in a natural and quiet environment.<\/div>\n                    <div class=\"stm_testimonials__meta stm_testimonials__meta_left stm_testimonials__meta_align-center\">\n\n\n\t\t\t\t\t\t                            <div class=\"stm_testimonials__avatar stm_testimonials__avatar_rounded mtc_b\">\n                                <div class=\"stm_testimonials__avatar_pseudo\"><\/div>\n\t\t\t\t\t\t\t\t<img loading=\"lazy\" decoding=\"async\" srcset=\"https:\/\/elencantovillas.es\/wp-content\/uploads\/2018\/06\/Picture-FB-160x160.jpg 2x\" class=\"\" src=\"https:\/\/elencantovillas.es\/wp-content\/uploads\/2018\/06\/Picture-FB-80x80.jpg\" width=\"80\" height=\"80\" alt=\"david cassidy\" title=\"Picture FB\" \/>                            <\/div>\n\t\t\t\t\t\t\n                        <div class=\"stm_testimonials__info\">\n\t\t\t\t\t\t\t                                <h5 class=\"no_line text-transform\">David Cassidy<\/h5>\n\t\t\t\t\t\t\t\t\t\t\t\t\t\t                                <h6 class=\"no_line text-transform\">Publihostelero.com<\/h6>\n\t\t\t\t\t\t\t                        <\/div>\n                    <\/div>\n                <\/div>\n\t\t\t\t\t\t\t\t\t\t\t                <div class=\"stm_testimonials__item stm_owl__glitches stc_b post-104 stm_testimonials type-stm_testimonials status-publish hentry\">\n                    <div class=\"stm_testimonials__review mtc_b mtc_a\">Las villas cuentan con todas las comodidades, equipamiento, una limpieza impecable y una ubicaci\u00f3n perfecta para disfrutar de Ribadesella y su entorno. Eladio, el propietario, muy amable y servicial. Sin duda, un acierto.<\/div>\n                    <div class=\"stm_testimonials__meta stm_testimonials__meta_left stm_testimonials__meta_align-center\">\n\n\n\t\t\t\t\t\t\n                        <div class=\"stm_testimonials__info\">\n\t\t\t\t\t\t\t                                <h5 class=\"no_line text-transform\">Pedro - Espa\u00f1a<\/h5>\n\t\t\t\t\t\t\t\t\t\t\t\t\t\t                                <h6 class=\"no_line text-transform\">V\u00eda Booking.com<\/h6>\n\t\t\t\t\t\t\t                        <\/div>\n                    <\/div>\n                <\/div>\n\t\t\t\t\t\t\t\t\t\t\t                <div class=\"stm_testimonials__item stm_owl__glitches stc_b post-101 stm_testimonials type-stm_testimonials status-publish hentry\">\n                    <div class=\"stm_testimonials__review mtc_b mtc_a\">Acabamos de llegar del viaje y no me puedo resistir a puntuar.  Eladio, el anfitri\u00f3n de las villas, espectacular, un hombre s\u00faper atento y el alojamiento todo muy nuevo, cama de la habitaci\u00f3n s\u00faper c\u00f3moda, vamos q si se puede repetiremos\u2026<\/div>\n                    <div class=\"stm_testimonials__meta stm_testimonials__meta_left stm_testimonials__meta_align-center\">\n\n\n\t\t\t\t\t\t\n                        <div class=\"stm_testimonials__info\">\n\t\t\t\t\t\t\t                                <h5 class=\"no_line text-transform\">Francisco - Espa\u00f1a<\/h5>\n\t\t\t\t\t\t\t\t\t\t\t\t\t\t                                <h6 class=\"no_line text-transform\">Via Booking.com<\/h6>\n\t\t\t\t\t\t\t                        <\/div>\n                    <\/div>\n                <\/div>\n\t\t\t\t\t\t\t        <\/div>\n    <\/div>\n\n\t    \n\t        <\/div>\n    <\/div>\n<\/div><\/div><\/div><\/section>\n<\/div>","protected":false},"excerpt":{"rendered":"","protected":false},"author":1,"featured_media":0,"parent":0,"menu_order":0,"comment_status":"closed","ping_status":"closed","template":"","meta":{"_coblocks_attr":"","_coblocks_dimensions":"","_coblocks_responsive_height":"","_coblocks_accordion_ie_support":"","om_disable_all_campaigns":false,"_monsterinsights_skip_tracking":false,"_monsterinsights_sitenote_active":false,"_monsterinsights_sitenote_note":"","_monsterinsights_sitenote_category":0,"_uf_show_specific_survey":0,"_uf_disable_surveys":false,"footnotes":""},"class_list":["post-258","page","type-page","status-publish","hentry"],"aioseo_notices":[],"_links":{"self":[{"href":"https:\/\/elencantovillas.es\/en\/wp-json\/wp\/v2\/pages\/258","targetHints":{"allow":["GET"]}}],"collection":[{"href":"https:\/\/elencantovillas.es\/en\/wp-json\/wp\/v2\/pages"}],"about":[{"href":"https:\/\/elencantovillas.es\/en\/wp-json\/wp\/v2\/types\/page"}],"author":[{"embeddable":true,"href":"https:\/\/elencantovillas.es\/en\/wp-json\/wp\/v2\/users\/1"}],"replies":[{"embeddable":true,"href":"https:\/\/elencantovillas.es\/en\/wp-json\/wp\/v2\/comments?post=258"}],"version-history":[{"count":17,"href":"https:\/\/elencantovillas.es\/en\/wp-json\/wp\/v2\/pages\/258\/revisions"}],"predecessor-version":[{"id":1758,"href":"https:\/\/elencantovillas.es\/en\/wp-json\/wp\/v2\/pages\/258\/revisions\/1758"}],"wp:attachment":[{"href":"https:\/\/elencantovillas.es\/en\/wp-json\/wp\/v2\/media?parent=258"}],"curies":[{"name":"wp","href":"https:\/\/api.w.org\/{rel}","templated":true}]}}