{"id":1812,"date":"2020-08-31T17:35:19","date_gmt":"2020-08-31T17:35:19","guid":{"rendered":"https:\/\/elencantovillas.es\/?page_id=1812"},"modified":"2020-08-31T17:46:32","modified_gmt":"2020-08-31T17:46:32","slug":"aviso-legal","status":"publish","type":"page","link":"https:\/\/elencantovillas.es\/en\/aviso-legal\/","title":{"rendered":"Legal Notice"},"content":{"rendered":"<div class=\"wpb-content-wrapper\"><div class=\"container vc_container\" ><div class=\"vc_row wpb_row vc_row-fluid\"><div class=\"wpb_column vc_column_container vc_col-sm-12\">\n    <div class=\"vc_column-inner\">\n        <div class=\"wpb_wrapper\">\n            <div class=\"stm_spacer\">\n    <div class=\"visible-lg\" style=\"height: 30px;\"><\/div>\n    <div class=\"visible-md\" style=\"height: 30px;\"><\/div>\n    <div class=\"visible-sm\" style=\"height: 30px;\"><\/div>\n    <div class=\"visible-xs\" style=\"height: 30px;\"><\/div>\n<\/div>        <\/div>\n    <\/div>\n<\/div><\/div><\/div><div class=\"container vc_container\" ><div class=\"vc_row wpb_row vc_row-fluid\"><div class=\"wpb_column vc_column_container vc_col-sm-12 vc_col-lg-8 vc_col-md-8\">\n    <div class=\"vc_column-inner\">\n        <div class=\"wpb_wrapper\">\n            <div class=\"stm_spacer\">\n    <div class=\"visible-lg\" style=\"height: 0px;\"><\/div>\n    <div class=\"visible-md\" style=\"height: 0px;\"><\/div>\n    <div class=\"visible-sm\" style=\"height: 10px;\"><\/div>\n    <div class=\"visible-xs\" style=\"height: 10px;\"><\/div>\n<\/div><h4 style=\"text-align: left\" class=\"vc_custom_heading sm-text-center vc_custom_1598895405810   text-left\">Legal Notice<\/h4><div class=\"stm_spacer\">\n    <div class=\"visible-lg\" style=\"height: 0px;\"><\/div>\n    <div class=\"visible-md\" style=\"height: 0px;\"><\/div>\n    <div class=\"visible-sm\" style=\"height: 10px;\"><\/div>\n    <div class=\"visible-xs\" style=\"height: 10px;\"><\/div>\n<\/div>\n\t<div class=\"wpb_text_column wpb_content_element sm-text-center\" >\n\t\t<div class=\"wpb_wrapper\">\n\t\t\t<p>1.Aviso Legal<br \/>\nBueno Hurtado e Hijos Inversiones y Promociones inmobiliarias S.L. (en adelante BHH) propietarios de la p\u00e1gina Web \u201cwww.elencantovillas.es\u201d. La obtenci\u00f3n, reproducci\u00f3n, distribuci\u00f3n, cesi\u00f3n, transmisi\u00f3n, modificaci\u00f3n o comunicaci\u00f3n p\u00fablica para uso comercial o distinto al propio personal del usuario queda totalmente prohibida.<br \/>\nNuestra Web contiene marcas, patentes, derechos de autor y otros derechos de propiedad industrial o intelectual que son propiedad de BHH.<br \/>\nSomos responsables de las informaciones, contenidos, productos o servicios directamente originados por nosotros e incluidos en esta Web.<br \/>\nNos hacemos responsables de los datos de car\u00e1cter personal que el usuario pudiera ofrecernos, comprometi\u00e9ndonos a guardarlos con absoluta confidencialidad. Garantizamos asimismo los derechos de acceso, rectificaci\u00f3n y cancelaci\u00f3n de los datos personales a instancias del interesado. Todos los datos personales recabados est\u00e1n debidamente legalizados y legitimados, de acuerdo con la normativa vigente de Protecci\u00f3n de Datos de Car\u00e1cter Personal.<br \/>\nPara cualquier aclaraci\u00f3n, por favor no dude en contactarnos al correo electr\u00f3nico info@elencantovillas.es.<\/p>\n<p>2. Pol\u00edtica\u00a0de\u00a0privacidad<br \/>\nSe mantendr\u00e1 una adecuada pol\u00edtica de privacidad y seguridad de los datos de car\u00e1cter personal y de identidad de los usuarios de sus servicios.<br \/>\nLa informaci\u00f3n que pudiera identificarle no ser\u00e1 revelada a terceros sin su permiso.<br \/>\nCualquier usuario registrado puede en cualquier momento ejercer el derecho a acceder, rectificar y, en su caso, cancelar sus datos de car\u00e1cter personal suministrados, mediante petici\u00f3n escrita dirigida al correo electr\u00f3nico info@elencantovillas.es.<br \/>\nLa pol\u00edtica de privacidad aqu\u00ed contenida podr\u00e1 ser adaptada o modificada por la Sociedad seg\u00fan lo considere oportuno, siempre con pleno cumplimiento de la legislaci\u00f3n y normativa aplicable.<br \/>\nPara cualquier aclaraci\u00f3n, por favor no dude en contactarnos al correo electr\u00f3nico info@elencantovillas.es.<br \/>\nEl Encanto Villas Boutique Bueno Hurtado e Hijos Inversiones y Promociones inmobiliarias S.L.<br \/>\nEl Escay\u00f3n 7, Junco. Ribadesella 33569, Asturias. Tel.: +34 607 695740 info@elencanovillas.es<\/p>\n<p>3. Datos fiscales<br \/>\nBueno Hurtado e Hijos Inversiones y Promociones inmobiliarias S.L.<br \/>\nCIF: B-74195967<br \/>\nEl Escay\u00f3n 7, Junco. Ribadesella 33569, Asturias.<br \/>\nPhone: +34 607 695740<br \/>\ninfo@elencanovillas.es<br \/>\nPersona contacto: Eladio Bueno<\/p>\n\n\t\t<\/div>\n\t<\/div>\n<div class=\"stm_spacer\">\n    <div class=\"visible-lg\" style=\"height: 0px;\"><\/div>\n    <div class=\"visible-md\" style=\"height: 0px;\"><\/div>\n    <div class=\"visible-sm\" style=\"height: 30px;\"><\/div>\n    <div class=\"visible-xs\" style=\"height: 30px;\"><\/div>\n<\/div>        <\/div>\n    <\/div>\n<\/div><\/div><\/div><div class=\"container vc_container\" ><div class=\"vc_row wpb_row vc_row-fluid\"><div class=\"wpb_column vc_column_container vc_col-sm-12\">\n    <div class=\"vc_column-inner\">\n        <div class=\"wpb_wrapper\">\n            <div class=\"stm_spacer\">\n    <div class=\"visible-lg\" style=\"height: 108px;\"><\/div>\n    <div class=\"visible-md\" style=\"height: 108px;\"><\/div>\n    <div class=\"visible-sm\" style=\"height: 70px;\"><\/div>\n    <div class=\"visible-xs\" style=\"height: 50px;\"><\/div>\n<\/div>        <\/div>\n    <\/div>\n<\/div><\/div><\/div>\n<\/div>","protected":false},"excerpt":{"rendered":"Aviso Legal 1.Aviso Legal Bueno Hurtado e Hijos Inversiones y Promociones inmobiliarias S.L. (en adelante BHH) propietarios de la p\u00e1gina Web \u201cwww.elencantovillas.es\u201d. La obtenci\u00f3n, reproducci\u00f3n, distribuci\u00f3n, cesi\u00f3n, transmisi\u00f3n, modificaci\u00f3n o comunicaci\u00f3n p\u00fablica para uso comercial o distinto al propio personal del usuario queda totalmente prohibida. Nuestra Web contiene marcas, patentes, derechos de autor y otros [...]","protected":false},"author":1,"featured_media":0,"parent":0,"menu_order":0,"comment_status":"closed","ping_status":"closed","template":"","meta":{"_coblocks_attr":"","_coblocks_dimensions":"","_coblocks_responsive_height":"","_coblocks_accordion_ie_support":"","om_disable_all_campaigns":false,"_monsterinsights_skip_tracking":false,"_monsterinsights_sitenote_active":false,"_monsterinsights_sitenote_note":"","_monsterinsights_sitenote_category":0,"_uf_show_specific_survey":0,"_uf_disable_surveys":false,"footnotes":""},"class_list":["post-1812","page","type-page","status-publish","hentry"],"aioseo_notices":[],"_links":{"self":[{"href":"https:\/\/elencantovillas.es\/en\/wp-json\/wp\/v2\/pages\/1812","targetHints":{"allow":["GET"]}}],"collection":[{"href":"https:\/\/elencantovillas.es\/en\/wp-json\/wp\/v2\/pages"}],"about":[{"href":"https:\/\/elencantovillas.es\/en\/wp-json\/wp\/v2\/types\/page"}],"author":[{"embeddable":true,"href":"https:\/\/elencantovillas.es\/en\/wp-json\/wp\/v2\/users\/1"}],"replies":[{"embeddable":true,"href":"https:\/\/elencantovillas.es\/en\/wp-json\/wp\/v2\/comments?post=1812"}],"version-history":[{"count":3,"href":"https:\/\/elencantovillas.es\/en\/wp-json\/wp\/v2\/pages\/1812\/revisions"}],"predecessor-version":[{"id":1816,"href":"https:\/\/elencantovillas.es\/en\/wp-json\/wp\/v2\/pages\/1812\/revisions\/1816"}],"wp:attachment":[{"href":"https:\/\/elencantovillas.es\/en\/wp-json\/wp\/v2\/media?parent=1812"}],"curies":[{"name":"wp","href":"https:\/\/api.w.org\/{rel}","templated":true}]}}